{"id":2740,"date":"2019-12-05T11:22:34","date_gmt":"2019-12-05T16:22:34","guid":{"rendered":"https:\/\/live-buckland-2025.pantheonsite.io\/?page_id=2740"},"modified":"2021-02-09T11:08:27","modified_gmt":"2021-02-09T16:08:27","slug":"home","status":"publish","type":"page","link":"https:\/\/www.buckland.com\/es\/","title":{"rendered":"Home"},"content":{"rendered":"<div class=\"wpb-content-wrapper\"><p>[vc_row el_class=\u00bbpage-intro\u00bb][vc_column][vc_column_text]<\/p>\n<h2>Aunque tiene una naturaleza compleja, la log\u00edstica no tiene porqu\u00e9 ser enrevesada.<\/h2>\n<p>Contar con <strong>un socio profesional como<\/strong> Buckland marca la diferencia entre sufrir imprevistos graves o disfrutar de <strong>tranquilidad absoluta<\/strong> cuando se <strong>importa<\/strong> o <strong>exporta<\/strong>.<\/p>\n<p>Nuestra misi\u00f3n es garantizar que nunca sufras retrasos ni sorpresas con los env\u00edos, as\u00ed que ya no tienes que preocuparte por las incautaciones aduaneras, las sanciones y los problemas relacionados con los env\u00edos.<\/p>\n<p>Independientemente de que importes o exportes, <strong>si lo haces con Buckland todo saldr\u00e1 bien.<\/strong>[\/vc_column_text][vc_single_image image=\u00bb2749&#8243; img_size=\u00bbfull\u00bb alignment=\u00bbcenter\u00bb el_class=\u00bbmap-image\u00bb][\/vc_column][\/vc_row][vc_row][vc_column][\/vc_column][\/vc_row][vc_row el_class=\u00bbservices-offered-section\u00bb][vc_column][vc_column_text]<\/p>\n<h2>Servicios Ofrecidos:<\/h2>\n<p>[\/vc_column_text][vc_column_text el_class=\u00bblist-countries\u00bb]<div class=\"list-countries\">\n\t<ul>\n\t\t\t\t\t<li class=\"canada\">\n\t\t\t\t<span>Canada<\/span>\n\t\t\t<\/li>\n\t\t\t\t\t<li class=\"usa\">\n\t\t\t\t<span>USA<\/span>\n\t\t\t<\/li>\n\t\t\t\t\t<li class=\"mexico\">\n\t\t\t\t<span>Mexico<\/span>\n\t\t\t<\/li>\n\t\t\t\t\t<li class=\"international\">\n\t\t\t\t<span>International<\/span>\n\t\t\t<\/li>\n\t\t\t<\/ul>\n<\/div>[\/vc_column_text][vc_column_text el_class=\u00bblist-services\u00bb]<\/p>\n<ul>\n<li><a title=\"Customs Brokerage Services\" href=\"https:\/\/live-buckland-2025.pantheonsite.io\/es\/services\/servicios-de-despacho-aduanero\/\">Servicios de Intermediaci\u00f3n Aduanera<\/a><\/li>\n<li><a title=\"Freight Forwarding &amp; Logistics\" href=\"https:\/\/live-buckland-2025.pantheonsite.io\/es\/services\/transporte-de-carga-y-logistica-a-nivel-internacional\/\">Transporte de Mercanc\u00edas y Log\u00edstica a Nivel Internacional<\/a><\/li>\n<li><a href=\"https:\/\/live-buckland-2025.pantheonsite.io\/es\/services\/buckland-transportation\/\">Transporte Buckland<\/a><\/li>\n<li><a title=\"International Trade Compliance &amp; Consulting\" href=\"https:\/\/live-buckland-2025.pantheonsite.io\/es\/services\/international-trade-compliance-consulting\/\">Consultor\u00eda y Cumplimiento Normativo de Comercio a Nivel Internacional<\/a><\/li>\n<li><a title=\"Trade Technology Solutions\" href=\"https:\/\/live-buckland-2025.pantheonsite.io\/es\/services\/trade-technology-solutions\/\">Soluciones Tecnol\u00f3gicas Comerciales<\/a><\/li>\n<li><a title=\"Warehousing &amp; Distribution\" href=\"https:\/\/live-buckland-2025.pantheonsite.io\/es\/services\/almacenamiento-y-distribucion\/\">Almacenamiento y Distribuci\u00f3n<\/a><\/li>\n<li><a href=\"https:\/\/live-buckland-2025.pantheonsite.io\/es\/services\/mexican-trade-lane\/\">Ruta Comercial en M\u00e9xico<\/a><\/li>\n<\/ul>\n<p>[\/vc_column_text][\/vc_column][\/vc_row][vc_row el_class=\u00bbservice-image-boxes\u00bb][vc_column]<div class=\"service-image-box\">\n\t<a href=\"http:\/\/www.buckland.com\/services\/customs-brokerage-services\/\" title=\"Customs Brokerage Services\" target=\"\" class=\"service-image-box-link\">\n\t\t<figure class=\"service-image-box-image\" style=\"background-image: url('https:\/\/www.buckland.com\/wp-content\/uploads\/2015\/06\/bridge2-220x220.jpg');\"><\/figure>\n\t\t<div class=\"service-image-box-title\">\n\t\t\t<h3>Servicios de Intermediaci\u00f3n Aduanera<\/h3>\n\t\t<\/div>\n\t<\/a>\n<\/div>\n<div class=\"service-image-box\">\n\t<a href=\"http:\/\/www.buckland.com\/services\/freight-forwarding-logistics\/\" title=\"Freight Forwarding & Logistics\" target=\"\" class=\"service-image-box-link\">\n\t\t<figure class=\"service-image-box-image\" style=\"background-image: url('https:\/\/www.buckland.com\/wp-content\/uploads\/2015\/06\/shipping-crates1-220x220.jpg');\"><\/figure>\n\t\t<div class=\"service-image-box-title\">\n\t\t\t<h3>Transporte Internacional de Carga &amp; Log\u00edstica<\/h3>\n\t\t<\/div>\n\t<\/a>\n<\/div>\n<div class=\"service-image-box\">\n\t<a href=\"http:\/\/www.buckland.com\/services\/buckland-transportation\" title=\"Warehousing+&+Distribution\" target=\"\" class=\"service-image-box-link\">\n\t\t<figure class=\"service-image-box-image\" style=\"background-image: url('https:\/\/www.buckland.com\/wp-content\/uploads\/2015\/08\/shutterstock_24101725-220x220.jpg');\"><\/figure>\n\t\t<div class=\"service-image-box-title\">\n\t\t\t<h3>Transporte Buckland<\/h3>\n\t\t<\/div>\n\t<\/a>\n<\/div>\n<div class=\"service-image-box\">\n\t<a href=\"http:\/\/www.buckland.com\/services\/international-trade-compliance-consulting\/\" title=\"International Trade Compliance & Consulting\" target=\"\" class=\"service-image-box-link\">\n\t\t<figure class=\"service-image-box-image\" style=\"background-image: url('https:\/\/www.buckland.com\/wp-content\/uploads\/2015\/06\/great-idea-jenkins1-220x220.jpg');\"><\/figure>\n\t\t<div class=\"service-image-box-title\">\n\t\t\t<h3>Cumplimiento &amp; Consultor\u00eda de Comercio Internacional<\/h3>\n\t\t<\/div>\n\t<\/a>\n<\/div>\n<div class=\"service-image-box\">\n\t<a href=\"http:\/\/www.buckland.com\/services\/trade-technology-solutions\/\" title=\"Trade Technology Solutions\" target=\"\" class=\"service-image-box-link\">\n\t\t<figure class=\"service-image-box-image\" style=\"background-image: url('https:\/\/www.buckland.com\/wp-content\/uploads\/2015\/06\/Untitled-1-220x220.png');\"><\/figure>\n\t\t<div class=\"service-image-box-title\">\n\t\t\t<h3>Soluciones de tecnolog\u00eda comercial<\/h3>\n\t\t<\/div>\n\t<\/a>\n<\/div>\n<div class=\"service-image-box\">\n\t<a href=\"http:\/\/www.buckland.com\/services\/warehousing-distribution\/\" title=\"Warehousing & Distribution\" target=\"\" class=\"service-image-box-link\">\n\t\t<figure class=\"service-image-box-image\" style=\"background-image: url('https:\/\/www.buckland.com\/wp-content\/uploads\/2015\/06\/Untitled-1-220x220.jpg');\"><\/figure>\n\t\t<div class=\"service-image-box-title\">\n\t\t\t<h3>Almacenamiento &amp; Distribuci\u00f3n<\/h3>\n\t\t<\/div>\n\t<\/a>\n<\/div>\n<div class=\"service-image-box\">\n\t<a href=\"http:\/\/www.buckland.com\/services\/mexican-trade-lane\/\" title=\"Mexican Trade Lane\" target=\"\" class=\"service-image-box-link\">\n\t\t<figure class=\"service-image-box-image\" style=\"background-image: url('https:\/\/www.buckland.com\/wp-content\/uploads\/2015\/06\/shutterstock_1699737051-220x220.jpg');\"><\/figure>\n\t\t<div class=\"service-image-box-title\">\n\t\t\t<h3>Carril del Comercio Mexicano<\/h3>\n\t\t<\/div>\n\t<\/a>\n<\/div>\n[\/vc_column][\/vc_row][vc_row el_class=\u00bbbuckland-advantage-section\u00bb][vc_column][vc_column_text]<\/p>\n<h2>Las Ventajas de Trabajar con Buckland:<\/h2>\n<p>[\/vc_column_text]<div class=\"buckland-advantage-row\" style=\"background-image: url('https:\/\/www.buckland.com\/wp-content\/uploads\/2015\/06\/line-art-1.png');\">\n\t<div class=\"buckland-advantage-row-inner\">\n\t\t<figure class=\"buckland-advantage-row-image\" style=\"background-image: url('https:\/\/www.buckland.com\/wp-content\/uploads\/2015\/06\/bright-ideas.jpg');\"><\/figure>\n\t\t<button class=\"buckland-advantage-row-collapse collapsed\">\n\t\t\t<span class=\"buckland-advantage-row-title\">Cuidado personal<\/span>\n\t\t<\/button>\n\t\t<div class=\"buckland-advantage-row-content\">\n\t\t\t<div class=\"buckland-advantage-row-content-inner\">\n\t\t\t\t<h3 class=\"buckland-advantage-row-title buckland-advantage-row-title-desktop\">Cuidado personal<\/h3>\n\t\t\t\t<p>Cuando un representante de Buckland conteste el tel\u00e9fono, lo conoceremos. Seremos su gu\u00eda personal en su b\u00fasqueda de una soluci\u00f3n.<\/p>\n\t\t\t\t<button class=\"buckland-advantage-row-close collapsed\">\n\t\t\t\t\t<i class=\"icon-chevron-up\"><\/i>\n\t\t\t\t<\/button>\n\t\t\t<\/div>\n\t\t<\/div>\n\t<\/div>\n<\/div>\n<div class=\"buckland-advantage-row\" style=\"background-image: url('https:\/\/www.buckland.com\/wp-content\/uploads\/2015\/06\/line-art-2.png');\">\n\t<div class=\"buckland-advantage-row-inner\">\n\t\t<figure class=\"buckland-advantage-row-image\" style=\"background-image: url('https:\/\/www.buckland.com\/wp-content\/uploads\/2015\/06\/warehouse-manager.jpg');\"><\/figure>\n\t\t<button class=\"buckland-advantage-row-collapse collapsed\">\n\t\t\t<span class=\"buckland-advantage-row-title\">Habla simple<\/span>\n\t\t<\/button>\n\t\t<div class=\"buckland-advantage-row-content\">\n\t\t\t<div class=\"buckland-advantage-row-content-inner\">\n\t\t\t\t<h3 class=\"buckland-advantage-row-title buckland-advantage-row-title-desktop\">Habla simple<\/h3>\n\t\t\t\t<p>El comercio internacional est\u00e1 lejos de ser b\u00e1sico, pero queremos que suene tan f\u00e1cil como lo vamos a hacer sentir. Somos personas, hablando con la gente, en un tono y un lenguaje no t\u00e9cnico que le sirve mejor.<\/p>\n\t\t\t\t<button class=\"buckland-advantage-row-close collapsed\">\n\t\t\t\t\t<i class=\"icon-chevron-up\"><\/i>\n\t\t\t\t<\/button>\n\t\t\t<\/div>\n\t\t<\/div>\n\t<\/div>\n<\/div>\n<div class=\"buckland-advantage-row\" style=\"background-image: url('https:\/\/www.buckland.com\/wp-content\/uploads\/2015\/06\/line-art-3.png');\">\n\t<div class=\"buckland-advantage-row-inner\">\n\t\t<figure class=\"buckland-advantage-row-image\" style=\"background-image: url('https:\/\/www.buckland.com\/wp-content\/uploads\/2015\/06\/diversity.jpg');\"><\/figure>\n\t\t<button class=\"buckland-advantage-row-collapse collapsed\">\n\t\t\t<span class=\"buckland-advantage-row-title\">Proveedor diverso certificado<\/span>\n\t\t<\/button>\n\t\t<div class=\"buckland-advantage-row-content\">\n\t\t\t<div class=\"buckland-advantage-row-content-inner\">\n\t\t\t\t<h3 class=\"buckland-advantage-row-title buckland-advantage-row-title-desktop\">Proveedor diverso certificado<\/h3>\n\t\t\t\t<p>Como empresa certificada propiedad de mujeres (WBE), nos esforzamos por garantizar que tanto los empleados como los clientes sean comprendidos y representados por igual.<\/p>\n\t\t\t\t<button class=\"buckland-advantage-row-close collapsed\">\n\t\t\t\t\t<i class=\"icon-chevron-up\"><\/i>\n\t\t\t\t<\/button>\n\t\t\t<\/div>\n\t\t<\/div>\n\t<\/div>\n<\/div>\n<div class=\"buckland-advantage-row\" style=\"background-image: url('https:\/\/www.buckland.com\/wp-content\/uploads\/2015\/06\/line-art-4.png');\">\n\t<div class=\"buckland-advantage-row-inner\">\n\t\t<figure class=\"buckland-advantage-row-image\" style=\"background-image: url('https:\/\/www.buckland.com\/wp-content\/uploads\/2015\/06\/touch-screen.jpg');\"><\/figure>\n\t\t<button class=\"buckland-advantage-row-collapse collapsed\">\n\t\t\t<span class=\"buckland-advantage-row-title\">Tecnolog\u00eda de primer nivel<\/span>\n\t\t<\/button>\n\t\t<div class=\"buckland-advantage-row-content\">\n\t\t\t<div class=\"buckland-advantage-row-content-inner\">\n\t\t\t\t<h3 class=\"buckland-advantage-row-title buckland-advantage-row-title-desktop\">Tecnolog\u00eda de primer nivel<\/h3>\n\t\t\t\t<p>Nuestra tecnolog\u00eda de vanguardia creada en el sitio hace que nuestros informes detallados y granulares sean de f\u00e1cil acceso y comprensi\u00f3n. Nuestro software de aduanas presenta soluciones individualizadas creadas especialmente para usted.<\/p>\n\t\t\t\t<button class=\"buckland-advantage-row-close collapsed\">\n\t\t\t\t\t<i class=\"icon-chevron-up\"><\/i>\n\t\t\t\t<\/button>\n\t\t\t<\/div>\n\t\t<\/div>\n\t<\/div>\n<\/div>\n<div class=\"buckland-advantage-row\" style=\"background-image: url('https:\/\/www.buckland.com\/wp-content\/uploads\/2015\/06\/line-art-5.png');\">\n\t<div class=\"buckland-advantage-row-inner\">\n\t\t<figure class=\"buckland-advantage-row-image\" style=\"background-image: url('https:\/\/www.buckland.com\/wp-content\/uploads\/2015\/06\/development.jpg');\"><\/figure>\n\t\t<button class=\"buckland-advantage-row-collapse collapsed\">\n\t\t\t<span class=\"buckland-advantage-row-title\">Desarrollo interno<\/span>\n\t\t<\/button>\n\t\t<div class=\"buckland-advantage-row-content\">\n\t\t\t<div class=\"buckland-advantage-row-content-inner\">\n\t\t\t\t<h3 class=\"buckland-advantage-row-title buckland-advantage-row-title-desktop\">Desarrollo interno<\/h3>\n\t\t\t\t<p>Nuestros sistemas de software son analizados y actualizados constantemente por nuestro equipo de desarrollo en el sitio, siempre buscando formas emocionantes e innovadoras de mejorar el comercio B2B.<\/p>\n\t\t\t\t<button class=\"buckland-advantage-row-close collapsed\">\n\t\t\t\t\t<i class=\"icon-chevron-up\"><\/i>\n\t\t\t\t<\/button>\n\t\t\t<\/div>\n\t\t<\/div>\n\t<\/div>\n<\/div>\n<div class=\"buckland-advantage-row\" style=\"background-image: url('https:\/\/www.buckland.com\/wp-content\/uploads\/2015\/06\/line-art-6.png');\">\n\t<div class=\"buckland-advantage-row-inner\">\n\t\t<figure class=\"buckland-advantage-row-image\" style=\"background-image: url('https:\/\/www.buckland.com\/wp-content\/uploads\/2015\/06\/i-did-it-yes.jpg');\"><\/figure>\n\t\t<button class=\"buckland-advantage-row-collapse collapsed\">\n\t\t\t<span class=\"buckland-advantage-row-title\">Actitud imparable<\/span>\n\t\t<\/button>\n\t\t<div class=\"buckland-advantage-row-content\">\n\t\t\t<div class=\"buckland-advantage-row-content-inner\">\n\t\t\t\t<h3 class=\"buckland-advantage-row-title buckland-advantage-row-title-desktop\">Actitud imparable<\/h3>\n\t\t\t\t<p>Donde hay voluntad hay un camino. Flexibles, comprensivos y creativos en nuestro enfoque, podemos preguntar: \u00ab\u00bfQu\u00e9 se necesita exactamente?\u00bb, Y luego entregar esa soluci\u00f3n en consecuencia.<\/p>\n\t\t\t\t<button class=\"buckland-advantage-row-close collapsed\">\n\t\t\t\t\t<i class=\"icon-chevron-up\"><\/i>\n\t\t\t\t<\/button>\n\t\t\t<\/div>\n\t\t<\/div>\n\t<\/div>\n<\/div>\n<div class=\"buckland-advantage-row\" style=\"background-image: url('https:\/\/www.buckland.com\/wp-content\/uploads\/2015\/06\/line-art-7.png');\">\n\t<div class=\"buckland-advantage-row-inner\">\n\t\t<figure class=\"buckland-advantage-row-image\" style=\"background-image: url('https:\/\/www.buckland.com\/wp-content\/uploads\/2015\/06\/happy-business-man.jpg');\"><\/figure>\n\t\t<button class=\"buckland-advantage-row-collapse collapsed\">\n\t\t\t<span class=\"buckland-advantage-row-title\">Bondad genuina<\/span>\n\t\t<\/button>\n\t\t<div class=\"buckland-advantage-row-content\">\n\t\t\t<div class=\"buckland-advantage-row-content-inner\">\n\t\t\t\t<h3 class=\"buckland-advantage-row-title buckland-advantage-row-title-desktop\">Bondad genuina<\/h3>\n\t\t\t\t<p>Ser amable es algo natural. Nos gusta ser amables con los clientes y ellos tambi\u00e9n son amables. Eso nos tiene a todos constantemente con sonrisas de ganar-ganar.<\/p>\n\t\t\t\t<button class=\"buckland-advantage-row-close collapsed\">\n\t\t\t\t\t<i class=\"icon-chevron-up\"><\/i>\n\t\t\t\t<\/button>\n\t\t\t<\/div>\n\t\t<\/div>\n\t<\/div>\n<\/div>\n<div class=\"buckland-advantage-row\" style=\"background-image: url('https:\/\/www.buckland.com\/wp-content\/uploads\/2015\/06\/line-art-6.png');\">\n\t<div class=\"buckland-advantage-row-inner\">\n\t\t<figure class=\"buckland-advantage-row-image\" style=\"background-image: url('https:\/\/www.buckland.com\/wp-content\/uploads\/2020\/06\/siarhei-horbach-xJc-frJbuw-unsplash.jpg');\"><\/figure>\n\t\t<button class=\"buckland-advantage-row-collapse collapsed\">\n\t\t\t<span class=\"buckland-advantage-row-title\">Seguridad con C-TPAT &amp; PIP<\/span>\n\t\t<\/button>\n\t\t<div class=\"buckland-advantage-row-content\">\n\t\t\t<div class=\"buckland-advantage-row-content-inner\">\n\t\t\t\t<h3 class=\"buckland-advantage-row-title buckland-advantage-row-title-desktop\">Seguridad con C-TPAT &amp; PIP<\/h3>\n\t\t\t\t<p>Buckland es un orgulloso confirmado y validado como miembro de la\u00a0<a href=\"https:\/\/www.cbp.gov\/border-security\/ports-entry\/cargo-security\/ctpat\">C-TPAT<\/a>\u00a0programa as\u00ed como <a href=\"https:\/\/www.cbsa-asfc.gc.ca\/security-securite\/pip-pep\/menu-eng.html\">PIP<\/a>\u00a0y mantenemos con orgullo los requisitos de seguridad para cumplir con estas iniciativas. Buckland anima a nuestros clientes a que sigan participando en el programa C-TPAT de Aduanas y Protecci\u00f3n Fronteriza (CBP). La informaci\u00f3n sobre C-TPAT, incluidos los beneficios actuales, los nuevos criterios m\u00ednimos de seguridad y el proceso de solicitud se publica en <a href=\"https:\/\/www.cbp.gov\/border-security\/ports-entry\/cargo-security\/ctpat\">CBP\u2019s website<\/a>.<\/p>\n\t\t\t\t<button class=\"buckland-advantage-row-close collapsed\">\n\t\t\t\t\t<i class=\"icon-chevron-up\"><\/i>\n\t\t\t\t<\/button>\n\t\t\t<\/div>\n\t\t<\/div>\n\t<\/div>\n<\/div>\n[\/vc_column][\/vc_row][vc_row][vc_column][\/vc_column][\/vc_row][vc_row el_class=\u00bbnews-carousel-section\u00bb][vc_column][vc_column_text]<\/p>\n<h2>Noticias<\/h2>\n<p>[\/vc_column_text]\t<div class=\"news-section\">\n\t\t<div id=\"news-carousel\" class=\"news-carousel\">\n\t\t\t\t\t\t\t<article class=\"news-carousel-item item\">\n\t\t\t\t\t<a href=\"https:\/\/www.buckland.com\/es\/news\/new-buckland-laredo-facility-open\/\" class=\"news-carousel-item-link\">\n\t\t\t\t\t\t\t\t\t\t\t\t<figure class=\"news-carousel-item-thumbnail\"  style=\"background-image: url(https:\/\/www.buckland.com\/wp-content\/uploads\/2019\/07\/laredo.png)\" data-src=\"<380:https:\/\/www.buckland.com\/wp-content\/uploads\/2019\/07\/laredo-380x300.png,<500:https:\/\/www.buckland.com\/wp-content\/uploads\/2019\/07\/laredo-500x300.png,<768:https:\/\/www.buckland.com\/wp-content\/uploads\/2019\/07\/laredo-768x500.png,<992:https:\/\/www.buckland.com\/wp-content\/uploads\/2019\/07\/laredo-992x860.png,>1200:https:\/\/www.buckland.com\/wp-content\/uploads\/2019\/07\/laredo.png\">\n\t\t\t\t\t\t\t<time class=\"news-carousel-item-date\">\n\t\t\t\t\t\t\t\t1\/8\t\t\t\t\t\t\t<\/time>\n\t\t\t\t\t\t<\/figure>\n\t\t\t\t\t\t<h3 class=\"news-carousel-item-title\">\n\t\t\t\t\t\t\tNueva instalaci\u00f3n de Buckland Laredo abierta!\t\t\t\t\t\t<\/h3>\n\t\t\t\t\t\t<div class=\"news-carousel-item-excerpt\">\n\t\t\t\t\t\t\tBuckland se enorgullece de anunciar que la instalaci\u00f3n de Buckland en Laredo, Texas se ha trasladado a una ubicaci\u00f3n nueva y ampliada. La instalaci\u00f3n \t\t\t\t\t\t<\/div>\n\t\t\t\t\t<\/a>\n\t\t\t\t<\/article>\n\t\t\t\t\t\t\t<article class=\"news-carousel-item item\">\n\t\t\t\t\t<a href=\"https:\/\/www.buckland.com\/es\/news\/connectivity-issues-with-mexican-customs-systems\/\" class=\"news-carousel-item-link\">\n\t\t\t\t\t\t\t\t\t\t\t\t<figure class=\"news-carousel-item-thumbnail\"  style=\"background-image: url(https:\/\/www.buckland.com\/wp-content\/uploads\/2019\/11\/Picture1.png)\" data-src=\"<380:https:\/\/www.buckland.com\/wp-content\/uploads\/2019\/11\/Picture1-380x300.png,<500:https:\/\/www.buckland.com\/wp-content\/uploads\/2019\/11\/Picture1-500x300.png,<768:https:\/\/www.buckland.com\/wp-content\/uploads\/2019\/11\/Picture1-768x500.png,<992:https:\/\/www.buckland.com\/wp-content\/uploads\/2019\/11\/Picture1-992x681.png,<1200:https:\/\/www.buckland.com\/wp-content\/uploads\/2019\/11\/Picture1-1200x681.png,>1200:https:\/\/www.buckland.com\/wp-content\/uploads\/2019\/11\/Picture1.png\">\n\t\t\t\t\t\t\t<time class=\"news-carousel-item-date\">\n\t\t\t\t\t\t\t\t1\/8\t\t\t\t\t\t\t<\/time>\n\t\t\t\t\t\t<\/figure>\n\t\t\t\t\t\t<h3 class=\"news-carousel-item-title\">\n\t\t\t\t\t\t\tProblemas de conectividad con los sistemas aduaneros mexicanos\t\t\t\t\t\t<\/h3>\n\t\t\t\t\t\t<div class=\"news-carousel-item-excerpt\">\n\t\t\t\t\t\t\t26 de noviembre de 2019 &#8211; Los sistemas aduaneros mexicanos en la oficina central han presentado problemas de conectividad con su red que han \t\t\t\t\t\t<\/div>\n\t\t\t\t\t<\/a>\n\t\t\t\t<\/article>\n\t\t\t\t\t<\/div>\n\t<\/div>\n[\/vc_column][\/vc_row][vc_row][vc_column][vc_column_text]<script type=\"text\/javascript\" src=\"\/\/downloads.mailchimp.com\/js\/signup-forms\/popup\/unique-methods\/embed.js\" data-dojo-config=\"usePlainJson: true, isDebug: false\"><\/script><script type=\"text\/javascript\">window.dojoRequire([\"mojo\/signup-forms\/Loader\"], function(L) { L.start({\"baseUrl\":\"mc.us11.list-manage.com\",\"uuid\":\"ce10b43118ab7105f8e2534e9\",\"lid\":\"62f2eaf92f\",\"uniqueMethods\":true}) })<\/script>[\/vc_column_text][\/vc_column][\/vc_row][vc_row full_width=\u00bbstretch_row_content\u00bb el_class=\u00bbreaching-beyond-border-section\u00bb][vc_column]<div class=\"hero-cta  reaching-beyond-borders\"  style=\"background-image: url(https:\/\/www.buckland.com\/wp-content\/uploads\/2015\/06\/flags.jpg)\" data-src=\"<380:https:\/\/www.buckland.com\/wp-content\/uploads\/2015\/06\/flags.jpg,<500:https:\/\/www.buckland.com\/wp-content\/uploads\/2015\/06\/flags-500x300.jpg,<768:https:\/\/www.buckland.com\/wp-content\/uploads\/2015\/06\/flags.jpg,<992:https:\/\/www.buckland.com\/wp-content\/uploads\/2015\/06\/flags.jpg,<1200:https:\/\/www.buckland.com\/wp-content\/uploads\/2015\/06\/flags.jpg,>1200:https:\/\/www.buckland.com\/wp-content\/uploads\/2015\/06\/flags.jpg\">\n\t<div class=\"hero-cta-inner\">\n\t\t<p class=\"hero-cta-content\">\n\t\t\t<\/p>\n<h2>Llegando m\u00e1s all\u00e1 de las fronteras<\/h2>\n<h3>con oficinas en los siguientes centros comerciales clave:<\/h3>\n<p>\t\t<\/p>\n\t\t<a href=\"\" target=\"\" class=\"btn btn-blue\">\n\t\t\t<span class=\"btn-text\">\n\t\t\tLearn More\t\t<\/span>\n\t\t\t<i class=\"icon-chevron-right\"><\/i>\n<\/a>\t<\/div>\n<\/div>\n[vc_column_text el_class=\u00bblist-locations\u00bb]<\/p>\n<ul>\n<li><strong>St. Thomas,<\/strong> Ontario<\/li>\n<li><strong>Mississauga,<\/strong> Ontario<\/li>\n<li><strong>Windsor,<\/strong> Ontario<\/li>\n<li><strong>Port Huron,<\/strong> Michigan<\/li>\n<li><strong>Southfield,<\/strong> Michigan<\/li>\n<li><strong>Laredo,<\/strong> Texas<\/li>\n<li><strong>El Paso<\/strong>, Texas<\/li>\n<li><strong>Mexico City<\/strong>, Mexico<\/li>\n<\/ul>\n<p>[\/vc_column_text][\/vc_column][\/vc_row]<\/p>\n<\/div>","protected":false},"excerpt":{"rendered":"26 de noviembre de 2019 - Los sistemas aduaneros mexicanos en la oficina central han presentado problemas de conectividad con su red que han resultado en fallas temporales que afectan la \"Validaci\u00f3n de conectividad de CAAAREM\" e impactan a SAAI Validator, DODA y MATCE. Los problemas de conectividad se han informado a trav\u00e9s de varios [...]","protected":false},"author":1,"featured_media":0,"parent":0,"menu_order":0,"comment_status":"closed","ping_status":"closed","template":"","meta":{"_acf_changed":false,"footnotes":""},"class_list":["post-2740","page","type-page","status-publish","hentry"],"acf":[],"_links":{"self":[{"href":"https:\/\/www.buckland.com\/es\/wp-json\/wp\/v2\/pages\/2740","targetHints":{"allow":["GET"]}}],"collection":[{"href":"https:\/\/www.buckland.com\/es\/wp-json\/wp\/v2\/pages"}],"about":[{"href":"https:\/\/www.buckland.com\/es\/wp-json\/wp\/v2\/types\/page"}],"author":[{"embeddable":true,"href":"https:\/\/www.buckland.com\/es\/wp-json\/wp\/v2\/users\/1"}],"replies":[{"embeddable":true,"href":"https:\/\/www.buckland.com\/es\/wp-json\/wp\/v2\/comments?post=2740"}],"version-history":[{"count":49,"href":"https:\/\/www.buckland.com\/es\/wp-json\/wp\/v2\/pages\/2740\/revisions"}],"predecessor-version":[{"id":3497,"href":"https:\/\/www.buckland.com\/es\/wp-json\/wp\/v2\/pages\/2740\/revisions\/3497"}],"wp:attachment":[{"href":"https:\/\/www.buckland.com\/es\/wp-json\/wp\/v2\/media?parent=2740"}],"curies":[{"name":"wp","href":"https:\/\/api.w.org\/{rel}","templated":true}]}}