{"id":2772,"date":"2019-12-06T10:57:40","date_gmt":"2019-12-06T15:57:40","guid":{"rendered":"https:\/\/live-buckland-2025.pantheonsite.io\/?page_id=2772"},"modified":"2020-12-14T15:49:23","modified_gmt":"2020-12-14T20:49:23","slug":"automotriz","status":"publish","type":"page","link":"https:\/\/www.buckland.com\/es\/industrias\/automotriz\/","title":{"rendered":"Automotriz"},"content":{"rendered":"<div class=\"wpb-content-wrapper\"><p>[vc_row][vc_column][vc_column_text]<\/p>\n<h4>La fuerza motriz impulsando a los clientes de la industria automotriz hacia adelante<\/h4>\n<p>Mantenemos a nuestros clientes en la industria automotriz al tanto de todos los problemas relevantes de env\u00edo y recepci\u00f3n de varias maneras: servicios log\u00edsticos canadienses, estadounidenses y mexicanos, equipos de cumplimiento y asesoramiento, soporte de soluciones de tecnolog\u00eda comercial y especialistas regionales en comercio en varios idiomas.<\/p>\n<p>Desde satisfacer las demandas de Just In Time (JIT), hasta apoyar al sector automotriz con la solicitud y el mantenimiento de proveedores del TLCAN, nos encargaremos del trabajo duro y nos aseguraremos de que su industria siga avanzando sin problemas.[\/vc_column_text][\/vc_column][\/vc_row][vc_row full_width=\u00bb\u00bb parallax=\u00bb\u00bb parallax_image=\u00bb\u00bb][vc_column width=\u00bb1\/1&#8243;][vc_empty_space height=\u00bb64px\u00bb][vc_column_text]<\/p>\n<h4 style=\"text-align: center;\">La Ventaja de Buckland<\/h4>\n<h5 style=\"text-align: center;\"><em>Cuando se trata de la industria automotriz, vea c\u00f3mo Buckland lo hace mejor: <\/em><\/h5>\n<p>[\/vc_column_text][\/vc_column][\/vc_row][vc_row][vc_column width=\u00bb1\/1&#8243;][vc_tta_tabs interval=\u00bb0&#8243;][vc_tta_section title=\u00bbA\u00f1os de experiencia<br \/>\n\u00bb tab_id=\u00bbf45b10fc-7782-10&#8243;][vc_column_text]<strong><em>70 a\u00f1os de <\/em><\/strong> experiencia automotriz.<\/p>\n<p>Despu\u00e9s de 70 a\u00f1os de asociaci\u00f3n, lo hemos visto todo. Buckland tiene la experiencia y la experiencia para evaluar sus necesidades, anticiparse a problemas potenciales y asesorarle en consecuencia, asegurando su \u00e9xito.[\/vc_column_text][\/vc_tta_section][vc_tta_section title=\u00bbConocimiento de Nivel\u00bb tab_id=\u00bb6d0f2aef-eab3-9&#8243;][vc_column_text]<strong><em>Atornes de comprensi\u00f3n en todos los niveles.<\/em><\/strong><\/p>\n<p>Trabajamos con clientes dentro del \u00e1mbito de fabricaci\u00f3n automotriz de nivel uno, dos y nivel tres, y estamos familiarizados con sus necesidades \u00fanicas. Hemos participado en equipos de capital para la puesta en marcha de plantas, materiales y materias primas para la fabricaci\u00f3n y el abastecimiento de piezas de repuesto.[\/vc_column_text][\/vc_tta_section][vc_tta_section title=\u00bbJusto a Tiempo (JIT)<br \/>\n\u00bb tab_id=\u00bb1438824754678-2-1&#8243;][vc_column_text]<strong><em>Mpromete su retorno de la inversi\u00f3n, la calidad y la eficiencia.<\/em><\/strong><\/p>\n<p>Buckland le ayuda a realizar su estrategia de producci\u00f3n Just-In-Time cuando se trata de su inventario. Nuestro experimentado personal de JIT se asegurar\u00e1 de que reciba una autorizaci\u00f3n r\u00e1pida sin ralentizaciones, lo que significa que tendr\u00e1 la cantidad correcta y el material especificado en el lugar correcto, en el momento adecuado.[\/vc_column_text][\/vc_tta_section][vc_tta_section title=\u00bbDiversidad de G\u00e9nero<br \/>\n\u00bb tab_id=\u00bb1438824792313-3-6&#8243;][vc_column_text]<em><strong>Una compa\u00f1\u00eda propiedad y operada por mujeres.<\/strong><br \/>\n<\/em><br \/>\nBuckland es miembro de Weconnect International y WBE Canada. Estas organizaciones conectan a las mujeres de negocios con proveedores diversos e innovadores con el fin de satisfacer las crecientes demandas corporativas globales. Adem\u00e1s, mediante el uso de una empresa diversa registrada, es permisible incluir la log\u00edstica en informes de gastos diversos.[\/vc_column_text][\/vc_tta_section][vc_tta_section title=\u00bbCuidado durante todo el d\u00eda\u00bb tab_id=\u00bb1438824835539-4-2&#8243;][vc_column_text]<strong><em>24\/7, 365 d\u00edas al a\u00f1o.<\/em><br \/>\n<\/strong><br \/>\nEl soporte disponible durante todo el horario de Buckland garantizar\u00e1 que sus problemas no se retrasen, para que sus l\u00edneas de producci\u00f3n puedan seguir funcionando.[\/vc_column_text][\/vc_tta_section][vc_tta_section title=\u00bbPortal de Clientes\u00bb tab_id=\u00bb1438824872150-5-7&#8243;][vc_column_text]<strong><em>Personalizado y perfectamente integrado en sus sistemas automotrices.<\/em><br \/>\n<\/strong><br \/>\nDesde informes detallados y actualizaciones de estado hasta KPI resaltados y seguimiento en tiempo real, la tecnolog\u00eda y el software que Buckland desarrolla y utiliza le permite acceder a toda la informaci\u00f3n necesaria con solo hacer clic en un bot\u00f3n. Buckland tiene la experiencia y los recursos para desarrollar soluciones \u00fanicas para socios clave para garantizar un flujo de informaci\u00f3n eficiente y eficaz, manteni\u00e9ndolo informado y confiado en nuestros servicios.[\/vc_column_text][\/vc_tta_section][\/vc_tta_tabs][\/vc_column][\/vc_row][vc_row full_width=\u00bb\u00bb parallax=\u00bb\u00bb parallax_image=\u00bb\u00bb][vc_column width=\u00bb1\/1&#8243;]<div class=\"social-share-container\">\n\t<div class=\"social-share\">\n\t\t<button class=\"social-share-activate\">\n\t\t\t<span class=\"social-share-activate-icon icon-plus\"><\/span>\n\t\t\t<span class=\"social-share-activate-text\">Share<\/span>\n\t\t\t<span\n\t\t\t\tclass=\"social-share-activate-text social-share-activate-text-desktop\">\n\t\t\t\tthis page\t\t\t<\/span>\n\t\t<\/button>\n\t\t<ul class=\"social-share-options\">\n\t\t\t\t\t\t\t\t\t\t\t<li class=\"social-share-option facebook\">\n\t\t\t\t\t<a class=\"social-share-option-link\" href=\"https:\/\/www.facebook.com\/sharer\/sharer.php?u=https%3A%2F%2Fwww.buckland.com%2Fes%2Findustrias%2Fautomotriz%2F&title=Automotriz&p[images][0]=https%3A%2F%2Fwww.buckland.com%2Fwp-content%2Fuploads%2F2015%2F06%2Fshutterstock_21845734-500x300.jpg\"\n\t\t\t\t\t   title=\"Share Automotriz via Facebook\"\n\t\t\t\t\t   target=\"_blank\">\n\t\t\t\t\t\t<span class=\"social-share-option-icon icon-facebook\"><\/span>\n\t\t\t\t\t<\/a>\n\t\t\t\t<\/li>\n\t\t\t\t\t\t\t\t\t\t\t<li class=\"social-share-option twitter\">\n\t\t\t\t\t<a class=\"social-share-option-link\" href=\"https:\/\/twitter.com\/intent\/tweet?url=https%3A%2F%2Fwww.buckland.com%2Fes%2Findustrias%2Fautomotriz%2F&text=Automotriz\"\n\t\t\t\t\t   title=\"Share Automotriz via Twitter\"\n\t\t\t\t\t   target=\"_blank\">\n\t\t\t\t\t\t<span class=\"social-share-option-icon icon-twitter\"><\/span>\n\t\t\t\t\t<\/a>\n\t\t\t\t<\/li>\n\t\t\t\t\t\t\t\t\t\t\t<li class=\"social-share-option pinterest\">\n\t\t\t\t\t<a class=\"social-share-option-link\" href=\"http:\/\/pinterest.com\/pin\/create\/button\/?url=https%3A%2F%2Fwww.buckland.com%2Fes%2Findustrias%2Fautomotriz%2F&media=https%3A%2F%2Fwww.buckland.com%2Fwp-content%2Fuploads%2F2015%2F06%2Fshutterstock_21845734-500x300.jpg&description=Automotriz\"\n\t\t\t\t\t   title=\"Share Automotriz via Pinterest\"\n\t\t\t\t\t   target=\"_blank\">\n\t\t\t\t\t\t<span class=\"social-share-option-icon icon-pinterest\"><\/span>\n\t\t\t\t\t<\/a>\n\t\t\t\t<\/li>\n\t\t\t\t\t\t\t\t\t\t\t<li class=\"social-share-option google-plus\">\n\t\t\t\t\t<a class=\"social-share-option-link\" href=\"https:\/\/plus.google.com\/share?url=https%3A%2F%2Fwww.buckland.com%2Fes%2Findustrias%2Fautomotriz%2F\"\n\t\t\t\t\t   title=\"Share Automotriz via Google Plus\"\n\t\t\t\t\t   target=\"_blank\">\n\t\t\t\t\t\t<span class=\"social-share-option-icon icon-google-plus\"><\/span>\n\t\t\t\t\t<\/a>\n\t\t\t\t<\/li>\n\t\t\t\t\t\t\t\t\t\t\t<li class=\"social-share-option linkedin\">\n\t\t\t\t\t<a class=\"social-share-option-link\" href=\"http:\/\/www.linkedin.com\/shareArticle?mini=true&url=https%3A%2F%2Fwww.buckland.com%2Fes%2Findustrias%2Fautomotriz%2F&title=Automotriz\"\n\t\t\t\t\t   title=\"Share Automotriz via Linkedin\"\n\t\t\t\t\t   target=\"_blank\">\n\t\t\t\t\t\t<span class=\"social-share-option-icon icon-linkedin\"><\/span>\n\t\t\t\t\t<\/a>\n\t\t\t\t<\/li>\n\t\t\t\t\t\t\t\t\t\t\t<li class=\"social-share-option email\">\n\t\t\t\t\t<a class=\"social-share-option-link\" href=\"mailto:?subject=Automotriz&body=Automotriz%0A%0Ahttps%3A%2F%2Fwww.buckland.com%2Fes%2Findustrias%2Fautomotriz%2F\"\n\t\t\t\t\t   title=\"Share Automotriz via Email\"\n\t\t\t\t\t   >\n\t\t\t\t\t\t<span class=\"social-share-option-icon icon-email\"><\/span>\n\t\t\t\t\t<\/a>\n\t\t\t\t<\/li>\n\t\t\t\t\t<\/ul>\n\t<\/div>\n<\/div>[\/vc_column][\/vc_row]<\/p>\n<\/div>","protected":false},"excerpt":{"rendered":"<p>[vc_row][vc_column][vc_column_text] La fuerza motriz impulsando a los clientes de la industria automotriz hacia adelante Mantenemos a nuestros clientes en la industria automotriz al tanto de todos los problemas relevantes de env\u00edo y recepci\u00f3n de varias maneras: servicios log\u00edsticos canadienses, estadounidenses y mexicanos, equipos de cumplimiento y asesoramiento, soporte de soluciones de tecnolog\u00eda comercial y especialistas [&hellip;]<\/p>\n","protected":false},"author":5,"featured_media":909,"parent":2770,"menu_order":0,"comment_status":"closed","ping_status":"closed","template":"","meta":{"_acf_changed":false,"footnotes":""},"class_list":["post-2772","page","type-page","status-publish","has-post-thumbnail","hentry"],"acf":[],"_links":{"self":[{"href":"https:\/\/www.buckland.com\/es\/wp-json\/wp\/v2\/pages\/2772","targetHints":{"allow":["GET"]}}],"collection":[{"href":"https:\/\/www.buckland.com\/es\/wp-json\/wp\/v2\/pages"}],"about":[{"href":"https:\/\/www.buckland.com\/es\/wp-json\/wp\/v2\/types\/page"}],"author":[{"embeddable":true,"href":"https:\/\/www.buckland.com\/es\/wp-json\/wp\/v2\/users\/5"}],"replies":[{"embeddable":true,"href":"https:\/\/www.buckland.com\/es\/wp-json\/wp\/v2\/comments?post=2772"}],"version-history":[{"count":2,"href":"https:\/\/www.buckland.com\/es\/wp-json\/wp\/v2\/pages\/2772\/revisions"}],"predecessor-version":[{"id":3388,"href":"https:\/\/www.buckland.com\/es\/wp-json\/wp\/v2\/pages\/2772\/revisions\/3388"}],"up":[{"embeddable":true,"href":"https:\/\/www.buckland.com\/es\/wp-json\/wp\/v2\/pages\/2770"}],"wp:featuredmedia":[{"embeddable":true,"href":"https:\/\/www.buckland.com\/es\/wp-json\/wp\/v2\/media\/909"}],"wp:attachment":[{"href":"https:\/\/www.buckland.com\/es\/wp-json\/wp\/v2\/media?parent=2772"}],"curies":[{"name":"wp","href":"https:\/\/api.w.org\/{rel}","templated":true}]}}