{"id":2774,"date":"2019-12-06T11:14:49","date_gmt":"2019-12-06T16:14:49","guid":{"rendered":"https:\/\/live-buckland-2025.pantheonsite.io\/?page_id=2774"},"modified":"2020-12-15T02:02:10","modified_gmt":"2020-12-15T07:02:10","slug":"alimentacion-y-bebidas","status":"publish","type":"page","link":"https:\/\/www.buckland.com\/es\/industrias\/alimentacion-y-bebidas\/","title":{"rendered":"Alimentaci\u00f3n y Bebidas"},"content":{"rendered":"<div class=\"wpb-content-wrapper\"><p>[vc_row full_width=\u00bb\u00bb parallax=\u00bb\u00bb parallax_image=\u00bb\u00bb][vc_column width=\u00bb1\/1&#8243;][vc_column_text]<\/p>\n<h4>Mantenerse al D\u00eda en la Industria de Alimentos y Bebidas<\/h4>\n<div data-canvas-width=\"44.57948071709177\">En la industria de alimentos y bebidas, Buckland entiende que mantener los productos en movimiento y en cumplimiento es la clave de su \u00e9xito. Nuestro historial establecido en esta industria significa que estamos bien versados \u200b\u200ben los requisitos siempre cambiantes de los organismos reguladores en Canad\u00e1, Estados Unidos y M\u00e9xico.<\/div>\n<p>[\/vc_column_text][\/vc_column][\/vc_row][vc_row full_width=\u00bb\u00bb parallax=\u00bb\u00bb parallax_image=\u00bb\u00bb][vc_column width=\u00bb1\/1&#8243;][vc_empty_space height=\u00bb64px\u00bb][vc_column_text]<\/p>\n<h4 style=\"text-align: center;\">La Ventaja de Buckland<\/h4>\n<h5 style=\"text-align: center;\">Cuando se trata de Alimentos &#038; Industria de bebidas, vea c\u00f3mo Buckland lo hace mejor:<\/h5>\n<p>[\/vc_column_text][\/vc_column][\/vc_row][vc_row full_width=\u00bb\u00bb parallax=\u00bb\u00bb parallax_image=\u00bb\u00bb][vc_column width=\u00bb1\/1&#8243;][vc_tta_tabs interval=\u00bb0&#8243;][vc_tta_section title=\u00bbCuidado &#038; Apoyo\u00bb tab_id=\u00bb8098d965-2ac6-8&#8243;][vc_column_text]<strong><em>Soporte a trav\u00e9s<\/em> <\/strong><em><strong>de servicios multifac\u00e9ticos.<\/strong><br \/>\n<\/em><br \/>\nLa experiencia en log\u00edstica de varios pa\u00edses de Buckland facilita el env\u00edo y la recepci\u00f3n de alimentos &#038; Industria de las bebidas. Desde productores hasta procesadores y proveedores hasta distribuidores, Buckland tiene la experiencia para ayudarlo con los requisitos de empaque, etiquetado, env\u00edo y liberaci\u00f3n de aduanas exclusivos de la industria.[\/vc_column_text][\/vc_tta_section][vc_tta_section title=\u00bbActualizaciones de Cumplimiento\u00bb tab_id=\u00bbcb0de3a5-26c2-10&#8243;][vc_column_text]<strong><em>Mantener a la industria al tanto de las pol\u00edticas y pr\u00e1cticas.<\/em><\/strong><\/p>\n<p>El equipo de Asesoramiento y Cumplimiento de Buckland garantiza que Food &#038; Los clientes de bebidas siempre est\u00e1n al tanto de los cambios en las regulaciones y los acuerdos de libre comercio.[\/vc_column_text][\/vc_tta_section][vc_tta_section title=\u00bbEspecialistas en comercio local\u00bb tab_id=\u00bb1438825562062-2-10&#8243;][vc_column_text]<strong><em>Cuidados espec\u00edficos, muy cerca.<\/em><\/strong><\/p>\n<p>Con el fin de ayudarlo a cumplir con los complicados requisitos de importaci\u00f3n y exportaci\u00f3n relacionados con Alimentos &#038; Industria de bebidas, estamos bien versados \u200b\u200ben la actividad de las agencias y regulaciones gubernamentales. Trabaja con nosotros para evitar sanciones, multas o retrasos.[\/vc_column_text][\/vc_tta_section][vc_tta_section title=\u00bbInformes en Tiempo Real\u00bb tab_id=\u00bb1438825592411-3-4&#8243;][vc_column_text]<strong><em>Acceso a actualizaciones de estado.<\/em><\/strong><\/p>\n<p>Sepa exactamente d\u00f3nde est\u00e1n sus env\u00edos y cu\u00e1ndo llegar\u00e1n o saldr\u00e1n. La visibilidad instant\u00e1nea de sus productos perecederos lo tranquilizar\u00e1.[\/vc_column_text][\/vc_tta_section][\/vc_tta_tabs][\/vc_column][\/vc_row][vc_row full_width=\u00bb\u00bb parallax=\u00bb\u00bb parallax_image=\u00bb\u00bb][vc_column width=\u00bb1\/1&#8243;]<div class=\"social-share-container\">\n\t<div class=\"social-share\">\n\t\t<button class=\"social-share-activate\">\n\t\t\t<span class=\"social-share-activate-icon icon-plus\"><\/span>\n\t\t\t<span class=\"social-share-activate-text\">Share<\/span>\n\t\t\t<span\n\t\t\t\tclass=\"social-share-activate-text social-share-activate-text-desktop\">\n\t\t\t\tthis page\t\t\t<\/span>\n\t\t<\/button>\n\t\t<ul class=\"social-share-options\">\n\t\t\t\t\t\t\t\t\t\t\t<li class=\"social-share-option facebook\">\n\t\t\t\t\t<a class=\"social-share-option-link\" href=\"https:\/\/www.facebook.com\/sharer\/sharer.php?u=https%3A%2F%2Fwww.buckland.com%2Fes%2Findustrias%2Falimentacion-y-bebidas%2F&title=Alimentaci%C3%B3n+y+Bebidas&p[images][0]=https%3A%2F%2Fwww.buckland.com%2Fwp-content%2Fuploads%2F2015%2F06%2FFood-Beverage-500x300.jpg\"\n\t\t\t\t\t   title=\"Share Alimentaci\u00f3n y Bebidas via Facebook\"\n\t\t\t\t\t   target=\"_blank\">\n\t\t\t\t\t\t<span class=\"social-share-option-icon icon-facebook\"><\/span>\n\t\t\t\t\t<\/a>\n\t\t\t\t<\/li>\n\t\t\t\t\t\t\t\t\t\t\t<li class=\"social-share-option twitter\">\n\t\t\t\t\t<a class=\"social-share-option-link\" href=\"https:\/\/twitter.com\/intent\/tweet?url=https%3A%2F%2Fwww.buckland.com%2Fes%2Findustrias%2Falimentacion-y-bebidas%2F&text=Alimentaci%C3%B3n+y+Bebidas\"\n\t\t\t\t\t   title=\"Share Alimentaci\u00f3n y Bebidas via Twitter\"\n\t\t\t\t\t   target=\"_blank\">\n\t\t\t\t\t\t<span class=\"social-share-option-icon icon-twitter\"><\/span>\n\t\t\t\t\t<\/a>\n\t\t\t\t<\/li>\n\t\t\t\t\t\t\t\t\t\t\t<li class=\"social-share-option pinterest\">\n\t\t\t\t\t<a class=\"social-share-option-link\" href=\"http:\/\/pinterest.com\/pin\/create\/button\/?url=https%3A%2F%2Fwww.buckland.com%2Fes%2Findustrias%2Falimentacion-y-bebidas%2F&media=https%3A%2F%2Fwww.buckland.com%2Fwp-content%2Fuploads%2F2015%2F06%2FFood-Beverage-500x300.jpg&description=Alimentaci%C3%B3n+y+Bebidas\"\n\t\t\t\t\t   title=\"Share Alimentaci\u00f3n y Bebidas via Pinterest\"\n\t\t\t\t\t   target=\"_blank\">\n\t\t\t\t\t\t<span class=\"social-share-option-icon icon-pinterest\"><\/span>\n\t\t\t\t\t<\/a>\n\t\t\t\t<\/li>\n\t\t\t\t\t\t\t\t\t\t\t<li class=\"social-share-option google-plus\">\n\t\t\t\t\t<a class=\"social-share-option-link\" href=\"https:\/\/plus.google.com\/share?url=https%3A%2F%2Fwww.buckland.com%2Fes%2Findustrias%2Falimentacion-y-bebidas%2F\"\n\t\t\t\t\t   title=\"Share Alimentaci\u00f3n y Bebidas via Google Plus\"\n\t\t\t\t\t   target=\"_blank\">\n\t\t\t\t\t\t<span class=\"social-share-option-icon icon-google-plus\"><\/span>\n\t\t\t\t\t<\/a>\n\t\t\t\t<\/li>\n\t\t\t\t\t\t\t\t\t\t\t<li class=\"social-share-option linkedin\">\n\t\t\t\t\t<a class=\"social-share-option-link\" href=\"http:\/\/www.linkedin.com\/shareArticle?mini=true&url=https%3A%2F%2Fwww.buckland.com%2Fes%2Findustrias%2Falimentacion-y-bebidas%2F&title=Alimentaci%C3%B3n+y+Bebidas\"\n\t\t\t\t\t   title=\"Share Alimentaci\u00f3n y Bebidas via Linkedin\"\n\t\t\t\t\t   target=\"_blank\">\n\t\t\t\t\t\t<span class=\"social-share-option-icon icon-linkedin\"><\/span>\n\t\t\t\t\t<\/a>\n\t\t\t\t<\/li>\n\t\t\t\t\t\t\t\t\t\t\t<li class=\"social-share-option email\">\n\t\t\t\t\t<a class=\"social-share-option-link\" href=\"mailto:?subject=Alimentaci%C3%B3n%20y%20Bebidas&body=Alimentaci%C3%B3n%20y%20Bebidas%0A%0Ahttps%3A%2F%2Fwww.buckland.com%2Fes%2Findustrias%2Falimentacion-y-bebidas%2F\"\n\t\t\t\t\t   title=\"Share Alimentaci\u00f3n y Bebidas via Email\"\n\t\t\t\t\t   >\n\t\t\t\t\t\t<span class=\"social-share-option-icon icon-email\"><\/span>\n\t\t\t\t\t<\/a>\n\t\t\t\t<\/li>\n\t\t\t\t\t<\/ul>\n\t<\/div>\n<\/div>[\/vc_column][\/vc_row]<\/p>\n<\/div>","protected":false},"excerpt":{"rendered":"<p>[vc_row full_width=\u00bb\u00bb parallax=\u00bb\u00bb parallax_image=\u00bb\u00bb][vc_column width=\u00bb1\/1&#8243;][vc_column_text] Mantenerse al D\u00eda en la Industria de Alimentos y Bebidas En la industria de alimentos y bebidas, Buckland entiende que mantener los productos en movimiento y en cumplimiento es la clave de su \u00e9xito. Nuestro historial establecido en esta industria significa que estamos bien versados \u200b\u200ben los requisitos siempre cambiantes [&hellip;]<\/p>\n","protected":false},"author":5,"featured_media":2298,"parent":2770,"menu_order":0,"comment_status":"closed","ping_status":"closed","template":"","meta":{"_acf_changed":false,"footnotes":""},"class_list":["post-2774","page","type-page","status-publish","has-post-thumbnail","hentry"],"acf":[],"_links":{"self":[{"href":"https:\/\/www.buckland.com\/es\/wp-json\/wp\/v2\/pages\/2774","targetHints":{"allow":["GET"]}}],"collection":[{"href":"https:\/\/www.buckland.com\/es\/wp-json\/wp\/v2\/pages"}],"about":[{"href":"https:\/\/www.buckland.com\/es\/wp-json\/wp\/v2\/types\/page"}],"author":[{"embeddable":true,"href":"https:\/\/www.buckland.com\/es\/wp-json\/wp\/v2\/users\/5"}],"replies":[{"embeddable":true,"href":"https:\/\/www.buckland.com\/es\/wp-json\/wp\/v2\/comments?post=2774"}],"version-history":[{"count":2,"href":"https:\/\/www.buckland.com\/es\/wp-json\/wp\/v2\/pages\/2774\/revisions"}],"predecessor-version":[{"id":3390,"href":"https:\/\/www.buckland.com\/es\/wp-json\/wp\/v2\/pages\/2774\/revisions\/3390"}],"up":[{"embeddable":true,"href":"https:\/\/www.buckland.com\/es\/wp-json\/wp\/v2\/pages\/2770"}],"wp:featuredmedia":[{"embeddable":true,"href":"https:\/\/www.buckland.com\/es\/wp-json\/wp\/v2\/media\/2298"}],"wp:attachment":[{"href":"https:\/\/www.buckland.com\/es\/wp-json\/wp\/v2\/media?parent=2774"}],"curies":[{"name":"wp","href":"https:\/\/api.w.org\/{rel}","templated":true}]}}