{"id":2776,"date":"2019-12-06T11:39:17","date_gmt":"2019-12-06T16:39:17","guid":{"rendered":"https:\/\/live-buckland-2025.pantheonsite.io\/?page_id=2776"},"modified":"2020-12-14T15:51:22","modified_gmt":"2020-12-14T20:51:22","slug":"manufacturera","status":"publish","type":"page","link":"https:\/\/www.buckland.com\/es\/industrias\/manufacturera\/","title":{"rendered":"Manufacturera"},"content":{"rendered":"<div class=\"wpb-content-wrapper\"><p>[vc_row full_width=\u00bb\u00bb parallax=\u00bb\u00bb parallax_image=\u00bb\u00bb][vc_column width=\u00bb1\/1&#8243;][vc_column_text]<\/p>\n<h4 class=\"p1\" style=\"text-align: center;\"><span class=\"s1\">Crear la Comodidad que Hace Avanzar a la Industria Manufacturera <\/span><\/h4>\n<p class=\"p1\"><span class=\"s1\">Buckland ha pasado a\u00f1os ayudando a los fabricantes a satisfacer sus necesidades de comercio internacional, con una combinaci\u00f3n estrat\u00e9gica de servicios log\u00edsticos y tecnolog\u00eda automatizada. <\/span><\/p>\n<p class=\"p1\"><span class=\"s1\">Buckland ofrece un conjunto completo de servicios log\u00edsticos de fabricaci\u00f3n integrales para ofrecer una soluci\u00f3n todo en uno. Nuestro compromiso de servicio comienza antes de que sus mercanc\u00edas comiencen a moverse, y contin\u00faa mucho despu\u00e9s de que hayan llegado a su destino. <\/span><\/p>\n<p>[\/vc_column_text][\/vc_column][\/vc_row][vc_row full_width=\u00bb\u00bb parallax=\u00bb\u00bb parallax_image=\u00bb\u00bb][vc_column width=\u00bb1\/1&#8243;][vc_empty_space height=\u00bb48px\u00bb][\/vc_column][\/vc_row][vc_row full_width=\u00bb\u00bb parallax=\u00bb\u00bb parallax_image=\u00bb\u00bb][vc_column width=\u00bb1\/1&#8243;][vc_empty_space height=\u00bb64px\u00bb][vc_column_text]<\/p>\n<h4 style=\"text-align: center;\">La Ventaja de Buckland<\/h4>\n<h5 style=\"text-align: center;\">Cuando se trata de la industria manufacturera, vea c\u00f3mo Buckland lo hace mejor:<\/h5>\n<p>[\/vc_column_text][\/vc_column][\/vc_row][vc_row full_width=\u00bb\u00bb parallax=\u00bb\u00bb parallax_image=\u00bb\u00bb][vc_column width=\u00bb1\/1&#8243;][vc_tta_tabs interval=\u00bb0&#8243;][vc_tta_section title=\u00bbTecnolog\u00eda de confianza\u00bb tab_id=\u00bb51ad7bd9-a3b6-2&#8243;][vc_column_text]<strong><em> Sistemas avanzados que le traen hacia adelante.<\/em><\/strong><\/p>\n<p>Para ofrecerle el m\u00e1s alto nivel de calidad, precisi\u00f3n y cumplimiento, nuestros avances tecnol\u00f3gicos se implementan en todas las \u00e1reas de servicio. Buckland tiene la capacidad de coordinar toda su informaci\u00f3n de env\u00edo entre proveedores, transportistas y agencias reguladoras.[\/vc_column_text][\/vc_tta_section][vc_tta_section title=\u00bbPrioridad del Cliente\u00bb tab_id=\u00bb9ed18189-4a8f-3&#8243;][vc_column_text]<em><strong>Mantenga en la parte superior de nuestra lista de concerns.<\/strong><br \/>\n<\/em><br \/>\nUna mentalidad \u00abcentrada en el cliente\u00bb significa que siempre experimentar\u00e1 un servicio de atenci\u00f3n al cliente sin preocupaciones.[\/vc_column_text][\/vc_tta_section][vc_tta_section title=\u00bbEquipo de Relaciones con el Cliente\u00bb tab_id=\u00bb1438825250423-2-2&#8243;][vc_column_text]<strong><em>Informaci\u00f3n e informaci\u00f3n entregada por personas que lo conocen.<\/em><\/strong><\/p>\n<p>Como fabricante, nuestro equipo de representantes confiables le ayudar\u00e1 a tomar decisiones empresariales s\u00f3lidas basadas en la experiencia de la industria y el acceso a los datos aplicables.[\/vc_column_text][\/vc_tta_section][\/vc_tta_tabs][\/vc_column][\/vc_row][vc_row full_width=\u00bb\u00bb parallax=\u00bb\u00bb parallax_image=\u00bb\u00bb][vc_column width=\u00bb1\/1&#8243;]<div class=\"social-share-container\">\n\t<div class=\"social-share\">\n\t\t<button class=\"social-share-activate\">\n\t\t\t<span class=\"social-share-activate-icon icon-plus\"><\/span>\n\t\t\t<span class=\"social-share-activate-text\">Share<\/span>\n\t\t\t<span\n\t\t\t\tclass=\"social-share-activate-text social-share-activate-text-desktop\">\n\t\t\t\tthis page\t\t\t<\/span>\n\t\t<\/button>\n\t\t<ul class=\"social-share-options\">\n\t\t\t\t\t\t\t\t\t\t\t<li class=\"social-share-option facebook\">\n\t\t\t\t\t<a class=\"social-share-option-link\" href=\"https:\/\/www.facebook.com\/sharer\/sharer.php?u=https%3A%2F%2Fwww.buckland.com%2Fes%2Findustrias%2Fmanufacturera%2F&title=Manufacturera&p[images][0]=https%3A%2F%2Fwww.buckland.com%2Fwp-content%2Fuploads%2F2015%2F06%2FManufacturing1-500x300.jpg\"\n\t\t\t\t\t   title=\"Share Manufacturera via Facebook\"\n\t\t\t\t\t   target=\"_blank\">\n\t\t\t\t\t\t<span class=\"social-share-option-icon icon-facebook\"><\/span>\n\t\t\t\t\t<\/a>\n\t\t\t\t<\/li>\n\t\t\t\t\t\t\t\t\t\t\t<li class=\"social-share-option twitter\">\n\t\t\t\t\t<a class=\"social-share-option-link\" href=\"https:\/\/twitter.com\/intent\/tweet?url=https%3A%2F%2Fwww.buckland.com%2Fes%2Findustrias%2Fmanufacturera%2F&text=Manufacturera\"\n\t\t\t\t\t   title=\"Share Manufacturera via Twitter\"\n\t\t\t\t\t   target=\"_blank\">\n\t\t\t\t\t\t<span class=\"social-share-option-icon icon-twitter\"><\/span>\n\t\t\t\t\t<\/a>\n\t\t\t\t<\/li>\n\t\t\t\t\t\t\t\t\t\t\t<li class=\"social-share-option pinterest\">\n\t\t\t\t\t<a class=\"social-share-option-link\" href=\"http:\/\/pinterest.com\/pin\/create\/button\/?url=https%3A%2F%2Fwww.buckland.com%2Fes%2Findustrias%2Fmanufacturera%2F&media=https%3A%2F%2Fwww.buckland.com%2Fwp-content%2Fuploads%2F2015%2F06%2FManufacturing1-500x300.jpg&description=Manufacturera\"\n\t\t\t\t\t   title=\"Share Manufacturera via Pinterest\"\n\t\t\t\t\t   target=\"_blank\">\n\t\t\t\t\t\t<span class=\"social-share-option-icon icon-pinterest\"><\/span>\n\t\t\t\t\t<\/a>\n\t\t\t\t<\/li>\n\t\t\t\t\t\t\t\t\t\t\t<li class=\"social-share-option google-plus\">\n\t\t\t\t\t<a class=\"social-share-option-link\" href=\"https:\/\/plus.google.com\/share?url=https%3A%2F%2Fwww.buckland.com%2Fes%2Findustrias%2Fmanufacturera%2F\"\n\t\t\t\t\t   title=\"Share Manufacturera via Google Plus\"\n\t\t\t\t\t   target=\"_blank\">\n\t\t\t\t\t\t<span class=\"social-share-option-icon icon-google-plus\"><\/span>\n\t\t\t\t\t<\/a>\n\t\t\t\t<\/li>\n\t\t\t\t\t\t\t\t\t\t\t<li class=\"social-share-option linkedin\">\n\t\t\t\t\t<a class=\"social-share-option-link\" href=\"http:\/\/www.linkedin.com\/shareArticle?mini=true&url=https%3A%2F%2Fwww.buckland.com%2Fes%2Findustrias%2Fmanufacturera%2F&title=Manufacturera\"\n\t\t\t\t\t   title=\"Share Manufacturera via Linkedin\"\n\t\t\t\t\t   target=\"_blank\">\n\t\t\t\t\t\t<span class=\"social-share-option-icon icon-linkedin\"><\/span>\n\t\t\t\t\t<\/a>\n\t\t\t\t<\/li>\n\t\t\t\t\t\t\t\t\t\t\t<li class=\"social-share-option email\">\n\t\t\t\t\t<a class=\"social-share-option-link\" href=\"mailto:?subject=Manufacturera&body=Manufacturera%0A%0Ahttps%3A%2F%2Fwww.buckland.com%2Fes%2Findustrias%2Fmanufacturera%2F\"\n\t\t\t\t\t   title=\"Share Manufacturera via Email\"\n\t\t\t\t\t   >\n\t\t\t\t\t\t<span class=\"social-share-option-icon icon-email\"><\/span>\n\t\t\t\t\t<\/a>\n\t\t\t\t<\/li>\n\t\t\t\t\t<\/ul>\n\t<\/div>\n<\/div>[\/vc_column][\/vc_row]<\/p>\n<\/div>","protected":false},"excerpt":{"rendered":"<p>[vc_row full_width=\u00bb\u00bb parallax=\u00bb\u00bb parallax_image=\u00bb\u00bb][vc_column width=\u00bb1\/1&#8243;][vc_column_text] Crear la Comodidad que Hace Avanzar a la Industria Manufacturera Buckland ha pasado a\u00f1os ayudando a los fabricantes a satisfacer sus necesidades de comercio internacional, con una combinaci\u00f3n estrat\u00e9gica de servicios log\u00edsticos y tecnolog\u00eda automatizada. Buckland ofrece un conjunto completo de servicios log\u00edsticos de fabricaci\u00f3n integrales para ofrecer una soluci\u00f3n [&hellip;]<\/p>\n","protected":false},"author":5,"featured_media":2292,"parent":2770,"menu_order":0,"comment_status":"closed","ping_status":"closed","template":"","meta":{"_acf_changed":false,"footnotes":""},"class_list":["post-2776","page","type-page","status-publish","has-post-thumbnail","hentry"],"acf":[],"_links":{"self":[{"href":"https:\/\/www.buckland.com\/es\/wp-json\/wp\/v2\/pages\/2776","targetHints":{"allow":["GET"]}}],"collection":[{"href":"https:\/\/www.buckland.com\/es\/wp-json\/wp\/v2\/pages"}],"about":[{"href":"https:\/\/www.buckland.com\/es\/wp-json\/wp\/v2\/types\/page"}],"author":[{"embeddable":true,"href":"https:\/\/www.buckland.com\/es\/wp-json\/wp\/v2\/users\/5"}],"replies":[{"embeddable":true,"href":"https:\/\/www.buckland.com\/es\/wp-json\/wp\/v2\/comments?post=2776"}],"version-history":[{"count":4,"href":"https:\/\/www.buckland.com\/es\/wp-json\/wp\/v2\/pages\/2776\/revisions"}],"predecessor-version":[{"id":3389,"href":"https:\/\/www.buckland.com\/es\/wp-json\/wp\/v2\/pages\/2776\/revisions\/3389"}],"up":[{"embeddable":true,"href":"https:\/\/www.buckland.com\/es\/wp-json\/wp\/v2\/pages\/2770"}],"wp:featuredmedia":[{"embeddable":true,"href":"https:\/\/www.buckland.com\/es\/wp-json\/wp\/v2\/media\/2292"}],"wp:attachment":[{"href":"https:\/\/www.buckland.com\/es\/wp-json\/wp\/v2\/media?parent=2776"}],"curies":[{"name":"wp","href":"https:\/\/api.w.org\/{rel}","templated":true}]}}