{"id":2778,"date":"2019-12-06T11:54:48","date_gmt":"2019-12-06T16:54:48","guid":{"rendered":"https:\/\/live-buckland-2025.pantheonsite.io\/?page_id=2778"},"modified":"2026-02-12T16:50:37","modified_gmt":"2026-02-12T21:50:37","slug":"request-a-quote","status":"publish","type":"page","link":"https:\/\/www.buckland.com\/es\/request-a-quote\/","title":{"rendered":"SOLICITA UN PRESUPUESTO"},"content":{"rendered":"<div class=\"wpb-content-wrapper\"><p>[vc_row el_class=\u00bbcontainer\u00bb][vc_column width=\u00bb2\/3&#8243; el_class=\u00bbrequest-quote\u00bb][vc_row_inner][vc_column_inner width=\u00bb5\/6&#8243;][vc_column_text el_class=\u00bbquote-intro\u00bb]<\/p>\n<h2>SOLICITA UN PRESUPUESTO HOY<\/h2>\n<p>\u00bfEst\u00e1s preparado para que tus productos traspasen las fronteras? Simplemente rellena el formulario y un asesor cualificado de Buckland se pondr\u00e1 en contacto contigo en 24 horas.<\/p>\n<p><strong>\u00bfNecesitas un presupuesto en menos de 24 horas?<\/strong> Llama a nuestra l\u00ednea gratuita disponible las 24 horas en el <a href=\"http:\/\/+1-800-991-4944\">1-800-991-4944<\/a> para hablar con un asesor que pueda ayudarte de inmediato.[\/vc_column_text][\/vc_column_inner][\/vc_row_inner][vc_row_inner el_class=\u00bbrequest-quote-facts\u00bb][vc_column_inner width=\u00bb1\/3&#8243;][vc_column_text el_class=\u00bbitem one\u00bb]<\/p>\n<h3>\u00a024 HORAS<br \/>\nTIEMPO DE RESPUESTA GARANTIZADO<\/h3>\n<p>[\/vc_column_text][\/vc_column_inner][vc_column_inner width=\u00bb1\/3&#8243;][vc_column_text el_class=\u00bbitem two\u00bb]<\/p>\n<h3>PROMETIDO<br \/>\nPRECIO COMPETITIVO<\/h3>\n<p>[\/vc_column_text][\/vc_column_inner][vc_column_inner width=\u00bb1\/3&#8243;][vc_column_text el_class=\u00bbitem three\u00bb]<\/p>\n<h3>TOTAL PRIVACIDAD<br \/>\nGARANT\u00cdA<\/h3>\n<p>[\/vc_column_text][\/vc_column_inner][\/vc_row_inner][vc_column_text css=\u00bb\u00bb]<script src=\"https:\/\/js.hsforms.net\/forms\/embed\/47600031.js\" defer><\/script><\/p>\n<div class=\"hs-form-frame\" data-region=\"na1\" data-form-id=\"37c032cd-05d2-4308-be2a-967a9fbe11bc\" data-portal-id=\"47600031\"><\/div>\n<p>[\/vc_column_text][\/vc_column][vc_column width=\u00bb1\/3&#8243; el_class=\u00bbquote-sidebar\u00bb][vc_column_text el_class=\u00bbquoting-policy\u00bb]<\/p>\n<h2>PIDE UN PRESUPUESTO:<\/h2>\n<p><strong>Paso 1:<\/strong> Complete el formulario en la p\u00e1gina lo mejor que pueda.<\/p>\n<p><strong>Paso 2:<\/strong> Un representante calificado de Buckland se comunicar\u00e1 dentro de las pr\u00f3ximas 24 horas.<\/p>\n<p><strong>Paso 3:<\/strong> recibir\u00e1 una cotizaci\u00f3n por escrito con precios competitivos adaptados espec\u00edficamente a sus necesidades y plazos.<\/p>\n<p><strong>Buckland. Antes de la frontera y m\u00e1s all\u00e1.<\/strong><br \/>\n[\/vc_column_text][\/vc_column][\/vc_row][vc_row full_width=\u00bbstretch_row_content_no_spaces\u00bb][vc_column][tab_container background=\u00bb483&#8243; classes=\u00bbtab-carousel-customs\u00bb][vc_column_text]<\/p>\n<h2>Simplificaci\u00f3n de la Gesti\u00f3n Aduanera<\/h2>\n<h3>con m\u00e1s de 70 a\u00f1os de experiencia<\/h3>\n<p>Cuando se trata de Agente de Aduanas, vea c\u00f3mo Buckland lo hace mejor:[\/vc_column_text]<div role=\"tabpanel\" class=\"tab-pane fade \" id=\"actualizaciones-en-tiempo-real\">\n\t<div class=\"content-inner\">\n\t\t<\/p>\n<h3>Visibilidad del 100% en sus env\u00edos.<\/h3>\n<p>Sabemos que poder rastrear el progreso de sus env\u00edos es conveniente, reconfortante y una ventaja crucial.<\/p>\n\t<\/div>\n<\/div><div role=\"tabpanel\" class=\"tab-pane fade \" id=\"liquidacion-rapida\">\n\t<div class=\"content-inner\">\n\t\t<p><strong>Comprometido a hacerlo r\u00e1pido y sencillo.<\/strong><\/p>\n<p>Los PARS y PAPS se utilizan para el \u00abdespacho previo\u00bb de los env\u00edos antes de que lleguen a la frontera para que sus mercanc\u00edas puedan estar constantemente en movimiento.<\/p>\n\t<\/div>\n<\/div><div role=\"tabpanel\" class=\"tab-pane fade \" id=\"experiencia-real\">\n\t<div class=\"content-inner\">\n\t\t<p><strong>Nuestra experiencia principal lleg\u00f3 con el tiempo.<\/strong><\/p>\n<p>Con 70 a\u00f1os de antig\u00fcedad, el banco de conocimientos de Buckland se ha estado construyendo durante d\u00e9cadas y los miembros de nuestro equipo tienen el conocimiento natural para demostrarlo.<\/p>\n\t<\/div>\n<\/div><div role=\"tabpanel\" class=\"tab-pane fade \" id=\"certificado-aduanero\">\n\t<div class=\"content-inner\">\n\t\t<p><strong>Certificado para la m\u00e1xima calidad y consistencia.<\/strong><\/p>\n<p>La mayor\u00eda de nuestro equipo tiene designaciones de Especialista Certificado en Aduanas. El personal de Buckland recibe y sugiere una capacitaci\u00f3n rigurosa para obtener y mantener esta certificaci\u00f3n, de modo que pueda aprender continuamente c\u00f3mo beneficiar al cliente.<\/p>\n\t<\/div>\n<\/div>[\/tab_container][\/vc_column][\/vc_row][vc_row full_width=\u00bbstretch_row_content_no_spaces\u00bb][vc_column][tab_container background=\u00bb604&#8243; classes=\u00bbtab-carousel-customs-care\u00bb][vc_column_text]<\/p>\n<h2>Aduanas Gestionadas con Cuidado<\/h2>\n<p>Cuando se trata de Agente de Aduanas, vea c\u00f3mo Buckland lo hace mejor:[\/vc_column_text]<div role=\"tabpanel\" class=\"tab-pane fade \" id=\"soporte-24-7\">\n\t<div class=\"content-inner\">\n\t\t<\/p>\n<h3>No te detienes y nosotros tampoco.<\/h3>\n<p>Abierto las 24 horas, los 7 d\u00edas de la semana: siempre estamos aqu\u00ed para ayudarlo cuando y donde lo necesite. Un representante de Buckland est\u00e1 a solo una llamada de distancia.<\/p>\n\t<\/div>\n<\/div><div role=\"tabpanel\" class=\"tab-pane fade \" id=\"soluciones-creativas\">\n\t<div class=\"content-inner\">\n\t\t<p><strong>Pagos que priorizan tu horario.<\/strong><\/p>\n<p>Ya sea mensual, semanal o diario, entendemos que el mejor ciclo de facturaci\u00f3n es el que t\u00fa mismo eliges.<\/p>\n\t<\/div>\n<\/div><div role=\"tabpanel\" class=\"tab-pane fade \" id=\"servicio-personalizado\">\n\t<div class=\"content-inner\">\n\t\t<p><strong>Comun\u00edquese con el representante que necesita, en un instante.<\/strong><\/p>\n<p>Tendr\u00e1 un \u00fanico punto de contacto que atender\u00e1 sus necesidades, antes, entre y mucho m\u00e1s all\u00e1 de la frontera.<\/p>\n\t<\/div>\n<\/div><div role=\"tabpanel\" class=\"tab-pane fade \" id=\"disponibilidad-de-liderazgo\">\n\t<div class=\"content-inner\">\n\t\t<p><strong>Cualquier nivel de asistencia en cualquier momento.<\/strong><\/p>\n<p>La gerencia y la supervisi\u00f3n est\u00e1n disponibles para ayudar, incluso fuera del horario de atenci\u00f3n y los fines de semana. Su problema puede y siempre se resolver\u00e1 r\u00e1pidamente.<\/p>\n\t<\/div>\n<\/div>[\/tab_container][\/vc_column][\/vc_row][vc_row full_width=\u00bbstretch_row_content_no_spaces\u00bb][vc_column][feature_container heading=\u00bbTecnolog\u00edas l\u00edderes con todas las caracter\u00edsticas que desea\u00bb sub_heading=\u00bbNuestro portal de clientes dise\u00f1ado internamente le proporciona un sistema robusto y f\u00e1cil de usar que le ofrece todo lo que necesita cuando lo necesita.\u00bb]<li class=\"feature\">\n\t<div class=\"feature-inner\">\n\t\t<h3 class=\"feature-heading\">Sistema de Gesti\u00f3n de almacenes<\/h3>\n\t\t<p class=\"feature-content\">\n\t\t\tEl sistema de gesti\u00f3n de almacenes de Buckland le permite mantenerse actualizado y realizar un seguimiento de sus productos a trav\u00e9s de su cadena de suministro, en tiempo real.\t\t<\/p>\n\t<\/div>\n<\/li><li class=\"feature\">\n\t<div class=\"feature-inner\">\n\t\t<h3 class=\"feature-heading\">Intercambio de Informaci\u00f3n que Falta<\/h3>\n\t\t<p class=\"feature-content\">\n\t\t\tEsta tecnolog\u00eda proactiva le permite revisar la informaci\u00f3n del env\u00edo antes del env\u00edo y le avisa de cualquier informaci\u00f3n que falte para evitar la presentaci\u00f3n tard\u00eda del env\u00edo.\t\t<\/p>\n\t<\/div>\n<\/li><li class=\"feature\">\n\t<div class=\"feature-inner\">\n\t\t<h3 class=\"feature-heading\">El Portal del Cliente<\/h3>\n\t\t<p class=\"feature-content\">\n\t\t\tDesarrollado por el equipo interno de Buckland, el despacho de aduana de sus env\u00edos siempre est\u00e1 disponible en el panel listo para usar.\t\t<\/p>\n\t<\/div>\n<\/li><li class=\"feature\">\n\t<div class=\"feature-inner\">\n\t\t<h3 class=\"feature-heading\">Puerta de Enlace de Clasificaci\u00f3n<\/h3>\n\t\t<p class=\"feature-content\">\n\t\t\tLa base de datos de Buckland para integrar datos para exportarlos a bases de datos de productos b\u00e1sicos externos y le permite solicitar clasificaciones para nuevos productos b\u00e1sicos.\t\t<\/p>\n\t<\/div>\n<\/li><li class=\"feature\">\n\t<div class=\"feature-inner\">\n\t\t<h3 class=\"feature-heading\">Software Personalizado<\/h3>\n\t\t<p class=\"feature-content\">\n\t\t\tEl equipo de desarrollo 100% interno de Buckland trabajar\u00e1 junto a su equipo de TI para crear una soluci\u00f3n tecnol\u00f3gica personalizada que se adapte perfectamente a su flujo de trabajo y procesos.\t\t<\/p>\n\t<\/div>\n<\/li><li class=\"feature\">\n\t<div class=\"feature-inner\">\n\t\t<h3 class=\"feature-heading\">Integraci\u00f3n Intuitiva<\/h3>\n\t\t<p class=\"feature-content\">\n\t\t\tEl equipo de desarrollo de Buckland est\u00e1 continuamente produciendo soluciones innovadoras de tecnolog\u00eda log\u00edstica para garantizar que sus datos comerciales sean siempre accesibles, visibles y manejables.\t\t<\/p>\n\t<\/div>\n<\/li>[\/feature_container][\/vc_column][\/vc_row][vc_row full_width=\u00bbstretch_row_content_no_spaces\u00bb][vc_column][\/vc_column][\/vc_row][vc_row full_width=\u00bbstretch_row_content_no_spaces\u00bb][vc_column][vc_column_text]\t<div class=\"further-learning\">\n\t\t<h2 class=\"further-learning-heading\">Further Learning:<\/h2>\n\t\t<div class=\"further-learning-articles\">\n\t\t\t\t\t\t\t<article class=\"further-learning-article\">\n\t\t\t\t\t<a href=\"https:\/\/www.buckland.com\/es\/como-impacta-la-trazabilidad-del-inventario-en-tu-rentabilidad-logistica\/\" class=\"further-learning-article-link\">\n\t\t\t\t\t\t\t\t\t\t\t\t<figure class=\"further-learning-article-image\"  style=\"background-image: url(https:\/\/www.buckland.com\/wp-content\/uploads\/2025\/07\/entrada-2-buckland-410x282.jpg)\" data-src=\"<380:https:\/\/www.buckland.com\/wp-content\/uploads\/2025\/07\/entrada-2-buckland-380x300.jpg,<500:https:\/\/www.buckland.com\/wp-content\/uploads\/2025\/07\/entrada-2-buckland-500x300.jpg,<768:https:\/\/www.buckland.com\/wp-content\/uploads\/2025\/07\/entrada-2-buckland-768x500.jpg,<992:https:\/\/www.buckland.com\/wp-content\/uploads\/2025\/07\/entrada-2-buckland-992x1024.jpg,<1200:https:\/\/www.buckland.com\/wp-content\/uploads\/2025\/07\/entrada-2-buckland-1200x1024.jpg,>1200:https:\/\/www.buckland.com\/wp-content\/uploads\/2025\/07\/entrada-2-buckland-410x282.jpg\">\n\t\t\t\t\t\t\t<img fetchpriority=\"high\" decoding=\"async\" width=\"410\" height=\"282\" src=\"https:\/\/www.buckland.com\/wp-content\/uploads\/2025\/07\/entrada-2-buckland-410x282.jpg\" class=\"attachment-further-learning size-further-learning wp-post-image\" alt=\"\" \/>\t\t\t\t\t\t<\/figure>\n\t\t\t\t\t\t<h3 class=\"further-learning-article-title\">\n\t\t\t\t\t\t\t\u00bfC\u00f3mo impacta la trazabilidad del inventario en tu rentabilidad log\u00edstica?\t\t\t\t\t\t<\/h3>\n\t\t\t\t\t\t<p class=\"further-learning-article-excerpt\">\n\t\t\t\t\t\t\t<p>La trazabilidad del inventario no es solo una funci\u00f3n operativa m\u00e1s dentro de tu sistema log\u00edstico. En el contexto actual de alta demanda, ciclos de <\/p>\t\t\t\t\t\t\t<i class=\"icon-chevron-right\"><\/i>\n\t\t\t\t\t\t<\/p>\n\t\t\t\t\t<\/a>\n\t\t\t\t<\/article>\n\t\t\t\t\t\t\t<article class=\"further-learning-article\">\n\t\t\t\t\t<a href=\"https:\/\/www.buckland.com\/es\/por-que-tu-almacen-actual-podria-estar-frenando-tu-operacion-binacional\/\" class=\"further-learning-article-link\">\n\t\t\t\t\t\t\t\t\t\t\t\t<figure class=\"further-learning-article-image\"  style=\"background-image: url(https:\/\/www.buckland.com\/wp-content\/uploads\/2025\/07\/entrada-buckland-1-410x282.jpg)\" data-src=\"<380:https:\/\/www.buckland.com\/wp-content\/uploads\/2025\/07\/entrada-buckland-1-380x300.jpg,<500:https:\/\/www.buckland.com\/wp-content\/uploads\/2025\/07\/entrada-buckland-1-500x300.jpg,<768:https:\/\/www.buckland.com\/wp-content\/uploads\/2025\/07\/entrada-buckland-1-768x500.jpg,<992:https:\/\/www.buckland.com\/wp-content\/uploads\/2025\/07\/entrada-buckland-1-992x728.jpg,<1200:https:\/\/www.buckland.com\/wp-content\/uploads\/2025\/07\/entrada-buckland-1-1200x728.jpg,>1200:https:\/\/www.buckland.com\/wp-content\/uploads\/2025\/07\/entrada-buckland-1-410x282.jpg\">\n\t\t\t\t\t\t\t<img decoding=\"async\" width=\"410\" height=\"282\" src=\"https:\/\/www.buckland.com\/wp-content\/uploads\/2025\/07\/entrada-buckland-1-410x282.jpg\" class=\"attachment-further-learning size-further-learning wp-post-image\" alt=\"\" \/>\t\t\t\t\t\t<\/figure>\n\t\t\t\t\t\t<h3 class=\"further-learning-article-title\">\n\t\t\t\t\t\t\t\u00bfPor qu\u00e9 tu almac\u00e9n actual podr\u00eda estar frenando tu operaci\u00f3n binacional?\t\t\t\t\t\t<\/h3>\n\t\t\t\t\t\t<p class=\"further-learning-article-excerpt\">\n\t\t\t\t\t\t\t<p>En el complejo ecosistema del comercio binacional entre M\u00e9xico y Estados Unidos, cada eslab\u00f3n de la cadena de suministro cuenta. Pero hay uno en particular <\/p>\t\t\t\t\t\t\t<i class=\"icon-chevron-right\"><\/i>\n\t\t\t\t\t\t<\/p>\n\t\t\t\t\t<\/a>\n\t\t\t\t<\/article>\n\t\t\t\t\t<\/div>\n\t<\/div>\n[\/vc_column_text][\/vc_column][\/vc_row][vc_row full_width=\u00bbstretch_row_content\u00bb][vc_column][\/vc_column][\/vc_row]<\/p>\n<\/div>","protected":false},"excerpt":{"rendered":"\u00bfTienes una pregunta inmediata? Hable Con Un Representante de Buckland Ahora \u00bfTiene una solicitud de precios? Comun\u00edquese hoy y nos pondremos en contacto en 1 d\u00eda h\u00e1bil","protected":false},"author":1,"featured_media":0,"parent":0,"menu_order":0,"comment_status":"closed","ping_status":"closed","template":"page-fullwidth.php","meta":{"_acf_changed":false,"footnotes":""},"class_list":["post-2778","page","type-page","status-publish","hentry"],"acf":[],"_links":{"self":[{"href":"https:\/\/www.buckland.com\/es\/wp-json\/wp\/v2\/pages\/2778","targetHints":{"allow":["GET"]}}],"collection":[{"href":"https:\/\/www.buckland.com\/es\/wp-json\/wp\/v2\/pages"}],"about":[{"href":"https:\/\/www.buckland.com\/es\/wp-json\/wp\/v2\/types\/page"}],"author":[{"embeddable":true,"href":"https:\/\/www.buckland.com\/es\/wp-json\/wp\/v2\/users\/1"}],"replies":[{"embeddable":true,"href":"https:\/\/www.buckland.com\/es\/wp-json\/wp\/v2\/comments?post=2778"}],"version-history":[{"count":12,"href":"https:\/\/www.buckland.com\/es\/wp-json\/wp\/v2\/pages\/2778\/revisions"}],"predecessor-version":[{"id":6504,"href":"https:\/\/www.buckland.com\/es\/wp-json\/wp\/v2\/pages\/2778\/revisions\/6504"}],"wp:attachment":[{"href":"https:\/\/www.buckland.com\/es\/wp-json\/wp\/v2\/media?parent=2778"}],"curies":[{"name":"wp","href":"https:\/\/api.w.org\/{rel}","templated":true}]}}