{"id":2792,"date":"2019-12-13T10:48:52","date_gmt":"2019-12-13T15:48:52","guid":{"rendered":"https:\/\/live-buckland-2025.pantheonsite.io\/?page_id=2792"},"modified":"2023-09-27T14:57:01","modified_gmt":"2023-09-27T18:57:01","slug":"carreras","status":"publish","type":"page","link":"https:\/\/www.buckland.com\/es\/carreras\/","title":{"rendered":"Carreras"},"content":{"rendered":"<div class=\"wpb-content-wrapper\"><p>[vc_row full_width=\u00bbstretch_row_content\u00bb][vc_column]<div class=\"vc_col-sm-12 intro wpb_column vc_column_container \">\n\t<div class=\"wpb_wrapper\">\n\t\t<div class=\"wpb_text_column wpb_content_element \">\n\t\t\t<div class=\"wpb_wrapper\">\n\t\t\t\t<div class=\"intro\">\n\t\t\t\t\t<div class=\"container wpb_wrapper\">\n\t\t\t\t\t\t<div class=\"intro-container\">\n\t\t\t\t\t\t\t<h1 class=\"intro-text\">\n\t\t\t\t\t\t\t\tBuckland, Donde el Bienestar Est\u00e1 Personalizado<\/h1>\n\t\t\t\t\t\t<\/div>\n\n\t\t\t\t\t\t<div class=\"welcome-message-container\">\n\t\t\t\t\t\t\t<p class=\"welcome-text\">\n\t\t\t\t\t\t\t\tLas ventajas de Buckland no se limitan a nuestros servicios. En Buckland, creemos firmemente que nuestra capacidad de avanzar con \u00e9xito junto con nuestros clientes refleja directamente el ambiente interno de nuestra empresa.<\/p>\n\t\t\t\t\t\t<\/div>\n\t\t\t\t\t<\/div>\n\t\t\t\t<\/div>\n\t\t\t<\/div>\n\t\t<\/div>\n\t<\/div>\n<\/div>\n[\/vc_column][\/vc_row][vc_row full_width=\u00bbstretch_row_content\u00bb el_class=\u00bbtestimonials\u00bb][vc_column][vc_row_inner el_class=\u00bbcontainer\u00bb][vc_column_inner el_class=\u00bbcontainer\u00bb]<div class=\"testimonial-item\">\n\t<div class=\"client-photo\">\n\t\t<div class=\"photo\" data-image-src=\"https:\/\/www.buckland.com\/wp-content\/uploads\/2020\/09\/Tristan-97x97.png\" title=\"Tristin Orlick\"><\/div>\n\t<\/div>\n\t<div class=\"testimonial-container\">\n\t\t<p class=\"testimonial-text\">\n\t\t\tBuckland ha sido un lugar maravilloso para trabajar y crecer. Estaba en la escuela secundaria cuando comenc\u00e9 mi carrera en Buckland, archivando y enviando correo. Pas\u00e9 r\u00e1pidamente a trabajar en el almac\u00e9n, desempe\u00f1ando funciones como analista de aduanas y terminando donde estoy hoy. Estoy agradecido de que la empresa y yo hayamos prosperado juntos. Tambi\u00e9n estoy agradecido por mi liderazgo que no solo se ha preocupado e invertido en m\u00ed profesionalmente, sino tambi\u00e9n en m\u00ed como persona. Estoy agradecido por todas las oportunidades que Buckland me ha brindado y no puedo esperar a ver qu\u00e9 m\u00e1s me espera.\t\t<\/p>\n\t\t<span class=\"testimonial-author\">\n\t\t\tTristin Orlick,\t\t<\/span>\n\t\t<span class=\"testimonial-author-position\">\n\t\t\tL\u00edder de equipo, Air &amp; Ocean\t\t<\/span>\n\t<\/div>\n<\/div><div class=\"testimonial-item\">\n\t<div class=\"client-photo\">\n\t\t<div class=\"photo\" data-image-src=\"https:\/\/www.buckland.com\/wp-content\/uploads\/2019\/05\/Anka-97x97.png\" title=\"Anka Wimbush\"><\/div>\n\t<\/div>\n\t<div class=\"testimonial-container\">\n\t\t<p class=\"testimonial-text\">\n\t\t\tLlevo en Buckland m\u00e1s de 20 a\u00f1os y he crecido junto con esta incre\u00edble empresa, desde analista de aduanas hasta gerente nacional de cuentas. Estoy agradecida por las oportunidades que he tenido y me encanta trabajar con nuestros clientes y ayudar a sus empresas a prosperar. Trabajo para una empresa que me enorgullece, me permite crecer y dar lo mejor de m\u00ed misma.\t\t<\/p>\n\t\t<span class=\"testimonial-author\">\n\t\t\tAnka Wimbush,\t\t<\/span>\n\t\t<span class=\"testimonial-author-position\">\n\t\t\tNational Account Manager\t\t<\/span>\n\t<\/div>\n<\/div><div class=\"testimonial-item\">\n\t<div class=\"client-photo\">\n\t\t<div class=\"photo\" data-image-src=\"https:\/\/www.buckland.com\/wp-content\/uploads\/2020\/04\/Pic-97x97.jpeg\" title=\"Cynthia Marin\"><\/div>\n\t<\/div>\n\t<div class=\"testimonial-container\">\n\t\t<p class=\"testimonial-text\">\n\t\t\tEstoy agradecido de trabajar para una empresa que promueve la diversidad cultural y la creatividad. \u00a1El trabajo duro y la dedicaci\u00f3n es lo que hace que nuestro talentoso equipo tenga \u00e9xito!\t\t<\/p>\n\t\t<span class=\"testimonial-author\">\n\t\t\tCynthia Marin,\t\t<\/span>\n\t\t<span class=\"testimonial-author-position\">\n\t\t\tGeneralista de Recursos Humanos\t\t<\/span>\n\t<\/div>\n<\/div>[\/vc_column_inner][\/vc_row_inner][\/vc_column][\/vc_row][vc_row full_width=\u00bbstretch_row_content\u00bb][vc_column el_class=\u00bbperks-benefits\u00bb][perk_container heading=\u00bbPerks and Benefits\u00bb introduction=\u00bbBuckland se compromete a hacer un esfuerzo de superaci\u00f3n en cuanto a los beneficios que ofrecemos a nuestros valiosos empleados.\u00bb]<li class=\"benefit-item\">\n\t<button type=\"button\" role=\"button\" class=\"benefit-button disabled\">\n\t\t<span class=\"icon icon-Handshake\"><\/span>\n\t\t\t\t<span class=\"inner-text\">Programa de asistencia al empleado<\/span>\n\t<\/button>\n\t<div class=\"benefit-item-info\">\n\t\t<button class=\"benefit-item-info-close\">\n\t\t\t<i class=\"icon-x\"><\/i>\n\t\t\t<span class=\"btn-text sr-only\">Close<\/span>\n\t\t<\/button>\n\t\t<span class=\"icon icon-Handshake\"><\/span>\n\t\t\t<\/div>\n<\/li><li class=\"benefit-item\">\n\t<button type=\"button\" role=\"button\" class=\"benefit-button disabled\">\n\t\t<span class=\"icon icon-Baloons\"><\/span>\n\t\t\t\t<span class=\"inner-text\">D\u00eda de aniversario pagado \/ D\u00eda de asuntos propios pagados<\/span>\n\t<\/button>\n\t<div class=\"benefit-item-info\">\n\t\t<button class=\"benefit-item-info-close\">\n\t\t\t<i class=\"icon-x\"><\/i>\n\t\t\t<span class=\"btn-text sr-only\">Close<\/span>\n\t\t<\/button>\n\t\t<span class=\"icon icon-Baloons\"><\/span>\n\t\t\t<\/div>\n<\/li><li class=\"benefit-item\">\n\t<button type=\"button\" role=\"button\" class=\"benefit-button disabled\">\n\t\t<span class=\"icon icon-change\"><\/span>\n\t\t\t\t<span class=\"inner-text\">Plan de jubilaci\u00f3n RRSP igualado por la empresa<\/span>\n\t<\/button>\n\t<div class=\"benefit-item-info\">\n\t\t<button class=\"benefit-item-info-close\">\n\t\t\t<i class=\"icon-x\"><\/i>\n\t\t\t<span class=\"btn-text sr-only\">Close<\/span>\n\t\t<\/button>\n\t\t<span class=\"icon icon-change\"><\/span>\n\t\t\t<\/div>\n<\/li><li class=\"benefit-item\">\n\t<button type=\"button\" role=\"button\" class=\"benefit-button disabled\">\n\t\t<span class=\"icon icon-Tooth\"><\/span>\n\t\t\t\t<span class=\"inner-text\">Cobertura m\u00e9dica y dental<\/span>\n\t<\/button>\n\t<div class=\"benefit-item-info\">\n\t\t<button class=\"benefit-item-info-close\">\n\t\t\t<i class=\"icon-x\"><\/i>\n\t\t\t<span class=\"btn-text sr-only\">Close<\/span>\n\t\t<\/button>\n\t\t<span class=\"icon icon-Tooth\"><\/span>\n\t\t\t<\/div>\n<\/li><li class=\"benefit-item\">\n\t<button type=\"button\" role=\"button\" class=\"benefit-button disabled\">\n\t\t<span class=\"icon icon-heart\"><\/span>\n\t\t\t\t<span class=\"inner-text\">Cobertura de seguro de vida y muerte accidental y desmembramiento<\/span>\n\t<\/button>\n\t<div class=\"benefit-item-info\">\n\t\t<button class=\"benefit-item-info-close\">\n\t\t\t<i class=\"icon-x\"><\/i>\n\t\t\t<span class=\"btn-text sr-only\">Close<\/span>\n\t\t<\/button>\n\t\t<span class=\"icon icon-heart\"><\/span>\n\t\t\t<\/div>\n<\/li><li class=\"benefit-item\">\n\t<button type=\"button\" role=\"button\" class=\"benefit-button disabled\">\n\t\t<span class=\"icon icon-umbrella\"><\/span>\n\t\t\t\t<span class=\"inner-text\">Seguro de vida adicional (opcional)<\/span>\n\t<\/button>\n\t<div class=\"benefit-item-info\">\n\t\t<button class=\"benefit-item-info-close\">\n\t\t\t<i class=\"icon-x\"><\/i>\n\t\t\t<span class=\"btn-text sr-only\">Close<\/span>\n\t\t<\/button>\n\t\t<span class=\"icon icon-umbrella\"><\/span>\n\t\t\t<\/div>\n<\/li><li class=\"benefit-item\">\n\t<button type=\"button\" role=\"button\" class=\"benefit-button disabled\">\n\t\t<span class=\"icon icon-bed\"><\/span>\n\t\t\t\t<span class=\"inner-text\">Cobertura de discapacidad a largo plazo<\/span>\n\t<\/button>\n\t<div class=\"benefit-item-info\">\n\t\t<button class=\"benefit-item-info-close\">\n\t\t\t<i class=\"icon-x\"><\/i>\n\t\t\t<span class=\"btn-text sr-only\">Close<\/span>\n\t\t<\/button>\n\t\t<span class=\"icon icon-bed\"><\/span>\n\t\t\t<\/div>\n<\/li><li class=\"benefit-item\">\n\t<button type=\"button\" role=\"button\" class=\"benefit-button disabled\">\n\t\t<span class=\"icon icon-trees\"><\/span>\n\t\t\t\t<span class=\"inner-text\">Vacaciones pagadas<\/span>\n\t<\/button>\n\t<div class=\"benefit-item-info\">\n\t\t<button class=\"benefit-item-info-close\">\n\t\t\t<i class=\"icon-x\"><\/i>\n\t\t\t<span class=\"btn-text sr-only\">Close<\/span>\n\t\t<\/button>\n\t\t<span class=\"icon icon-trees\"><\/span>\n\t\t\t<\/div>\n<\/li><li class=\"benefit-item\">\n\t<button type=\"button\" role=\"button\" class=\"benefit-button disabled\">\n\t\t<span class=\"icon icon-Therm\"><\/span>\n\t\t\t\t<span class=\"inner-text\">Baja por enfermedad pagada<\/span>\n\t<\/button>\n\t<div class=\"benefit-item-info\">\n\t\t<button class=\"benefit-item-info-close\">\n\t\t\t<i class=\"icon-x\"><\/i>\n\t\t\t<span class=\"btn-text sr-only\">Close<\/span>\n\t\t<\/button>\n\t\t<span class=\"icon icon-Therm\"><\/span>\n\t\t\t<\/div>\n<\/li><li class=\"benefit-item\">\n\t<button type=\"button\" role=\"button\" class=\"benefit-button disabled\">\n\t\t<span class=\"icon icon-books\"><\/span>\n\t\t\t\t<span class=\"inner-text\">Programa de reembolso de matr\u00edcula<\/span>\n\t<\/button>\n\t<div class=\"benefit-item-info\">\n\t\t<button class=\"benefit-item-info-close\">\n\t\t\t<i class=\"icon-x\"><\/i>\n\t\t\t<span class=\"btn-text sr-only\">Close<\/span>\n\t\t<\/button>\n\t\t<span class=\"icon icon-books\"><\/span>\n\t\t\t<\/div>\n<\/li><li class=\"benefit-item\">\n\t<button type=\"button\" role=\"button\" class=\"benefit-button disabled\">\n\t\t<span class=\"icon icon-shirt\"><\/span>\n\t\t\t\t<span class=\"inner-text\">C\u00f3digo de vestimenta informal<\/span>\n\t<\/button>\n\t<div class=\"benefit-item-info\">\n\t\t<button class=\"benefit-item-info-close\">\n\t\t\t<i class=\"icon-x\"><\/i>\n\t\t\t<span class=\"btn-text sr-only\">Close<\/span>\n\t\t<\/button>\n\t\t<span class=\"icon icon-shirt\"><\/span>\n\t\t\t<\/div>\n<\/li><li class=\"benefit-item\">\n\t<button type=\"button\" role=\"button\" class=\"benefit-button disabled\">\n\t\t<span class=\"icon icon-MoneyMan\"><\/span>\n\t\t\t\t<span class=\"inner-text\">Programa de Referencias de Empleados<\/span>\n\t<\/button>\n\t<div class=\"benefit-item-info\">\n\t\t<button class=\"benefit-item-info-close\">\n\t\t\t<i class=\"icon-x\"><\/i>\n\t\t\t<span class=\"btn-text sr-only\">Close<\/span>\n\t\t<\/button>\n\t\t<span class=\"icon icon-MoneyMan\"><\/span>\n\t\t\t<\/div>\n<\/li><li class=\"benefit-item\">\n\t<button type=\"button\" role=\"button\" class=\"benefit-button disabled\">\n\t\t<span class=\"icon icon-team\"><\/span>\n\t\t\t\t<span class=\"inner-text\">Actividades de construcci\u00f3n de equipo<\/span>\n\t<\/button>\n\t<div class=\"benefit-item-info\">\n\t\t<button class=\"benefit-item-info-close\">\n\t\t\t<i class=\"icon-x\"><\/i>\n\t\t\t<span class=\"btn-text sr-only\">Close<\/span>\n\t\t<\/button>\n\t\t<span class=\"icon icon-team\"><\/span>\n\t\t\t<\/div>\n<\/li><li class=\"benefit-item\">\n\t<button type=\"button\" role=\"button\" class=\"benefit-button disabled\">\n\t\t<span class=\"icon icon-Social\"><\/span>\n\t\t\t\t<span class=\"inner-text\">Comit\u00e9 social<\/span>\n\t<\/button>\n\t<div class=\"benefit-item-info\">\n\t\t<button class=\"benefit-item-info-close\">\n\t\t\t<i class=\"icon-x\"><\/i>\n\t\t\t<span class=\"btn-text sr-only\">Close<\/span>\n\t\t<\/button>\n\t\t<span class=\"icon icon-Social\"><\/span>\n\t\t\t<\/div>\n<\/li><li class=\"benefit-item\">\n\t<button type=\"button\" role=\"button\" class=\"benefit-button disabled\">\n\t\t<span class=\"icon icon-sun\"><\/span>\n\t\t\t\t<span class=\"inner-text\">Evento Familiar en Verano<\/span>\n\t<\/button>\n\t<div class=\"benefit-item-info\">\n\t\t<button class=\"benefit-item-info-close\">\n\t\t\t<i class=\"icon-x\"><\/i>\n\t\t\t<span class=\"btn-text sr-only\">Close<\/span>\n\t\t<\/button>\n\t\t<span class=\"icon icon-sun\"><\/span>\n\t\t\t<\/div>\n<\/li><li class=\"benefit-item\">\n\t<button type=\"button\" role=\"button\" class=\"benefit-button disabled\">\n\t\t<span class=\"icon icon-annual\"><\/span>\n\t\t\t\t<span class=\"inner-text\">Eventos anuales en Navidad<\/span>\n\t<\/button>\n\t<div class=\"benefit-item-info\">\n\t\t<button class=\"benefit-item-info-close\">\n\t\t\t<i class=\"icon-x\"><\/i>\n\t\t\t<span class=\"btn-text sr-only\">Close<\/span>\n\t\t<\/button>\n\t\t<span class=\"icon icon-annual\"><\/span>\n\t\t\t<\/div>\n<\/li>[\/perk_container][\/vc_column][\/vc_row][vc_row][vc_column][\/vc_column][\/vc_row][vc_row][vc_column][vc_column_text]<\/p>\n<h4 class=\"h1\" style=\"margin-top: 50px; text-align: center;\">Oportunidades profesionales actuales<\/h4>\n<p style=\"text-align: left;\">Para ver nuestras oportunidades actuales, visite los enlaces a continuaci\u00f3n a nuestras publicaciones de Indeed para Canad\u00e1, Estados Unidos y M\u00e9xico.<\/p>\n<p>[\/vc_column_text][\/vc_column][\/vc_row][vc_row][vc_column width=\u00bb1\/3&#8243;][vc_column_text]<\/p>\n<p style=\"text-align: center;\"><a href=\"https:\/\/ca.indeed.com\/cmp\/Buckland-1\/jobs\"><img decoding=\"async\" class=\"alignnone wp-image-4512 size-full\" src=\"https:\/\/live-buckland-2025.pantheonsite.io\/wp-content\/uploads\/2023\/09\/Canada.png\" alt=\"\" width=\"70\" height=\"70\" srcset=\"https:\/\/www.buckland.com\/wp-content\/uploads\/2023\/09\/Canada.png 70w, https:\/\/www.buckland.com\/wp-content\/uploads\/2023\/09\/Canada-57x57.png 57w\" sizes=\"(max-width: 70px) 100vw, 70px\" \/><\/a><\/p>\n<h2 style=\"text-align: center;\"><a href=\"https:\/\/ca.indeed.com\/cmp\/Buckland-1\/jobs\">Canada<\/a><\/h2>\n<p>[\/vc_column_text][\/vc_column][vc_column width=\u00bb1\/3&#8243;][vc_column_text]<\/p>\n<p style=\"text-align: center;\"><a href=\"https:\/\/www.indeed.com\/cmp\/Buckland-1\/jobs\"><img decoding=\"async\" class=\"alignnone wp-image-4515 size-full\" src=\"https:\/\/live-buckland-2025.pantheonsite.io\/wp-content\/uploads\/2023\/09\/United-States.png\" alt=\"\" width=\"70\" height=\"70\" srcset=\"https:\/\/www.buckland.com\/wp-content\/uploads\/2023\/09\/United-States.png 70w, https:\/\/www.buckland.com\/wp-content\/uploads\/2023\/09\/United-States-57x57.png 57w\" sizes=\"(max-width: 70px) 100vw, 70px\" \/><\/a><\/p>\n<h2 style=\"text-align: center;\"><a href=\"https:\/\/www.indeed.com\/cmp\/Buckland-1\/jobs\">United States<\/a><\/h2>\n<p>[\/vc_column_text][\/vc_column][vc_column width=\u00bb1\/3&#8243;][vc_column_text]<\/p>\n<p style=\"text-align: center;\"><a href=\"https:\/\/mx.indeed.com\/cmp\/Buckland-1\/jobs\"><img decoding=\"async\" class=\"alignnone wp-image-4518 size-full\" src=\"https:\/\/live-buckland-2025.pantheonsite.io\/wp-content\/uploads\/2023\/09\/Mexico.png\" alt=\"\" width=\"70\" height=\"70\" srcset=\"https:\/\/www.buckland.com\/wp-content\/uploads\/2023\/09\/Mexico.png 70w, https:\/\/www.buckland.com\/wp-content\/uploads\/2023\/09\/Mexico-57x57.png 57w\" sizes=\"(max-width: 70px) 100vw, 70px\" \/><\/a><\/p>\n<h2 style=\"text-align: center;\"><a href=\"https:\/\/mx.indeed.com\/cmp\/Buckland-1\/jobs\">Mexico<\/a><\/h2>\n<p>[\/vc_column_text][\/vc_column][\/vc_row]<\/p>\n<\/div>","protected":false},"excerpt":{"rendered":"<p>[vc_row full_width=\u00bbstretch_row_content\u00bb][vc_column][\/vc_column][\/vc_row][vc_row full_width=\u00bbstretch_row_content\u00bb el_class=\u00bbtestimonials\u00bb][vc_column][vc_row_inner el_class=\u00bbcontainer\u00bb][vc_column_inner el_class=\u00bbcontainer\u00bb][\/vc_column_inner][\/vc_row_inner][\/vc_column][\/vc_row][vc_row full_width=\u00bbstretch_row_content\u00bb][vc_column el_class=\u00bbperks-benefits\u00bb][perk_container heading=\u00bbPerks and Benefits\u00bb introduction=\u00bbBuckland se compromete a hacer un esfuerzo de superaci\u00f3n en cuanto a los beneficios que ofrecemos a nuestros valiosos empleados.\u00bb][\/perk_container][\/vc_column][\/vc_row][vc_row][vc_column][\/vc_column][\/vc_row][vc_row][vc_column][vc_column_text] Oportunidades profesionales actuales Para ver nuestras oportunidades actuales, visite los enlaces a continuaci\u00f3n a nuestras publicaciones de Indeed para Canad\u00e1, Estados Unidos y M\u00e9xico. [&hellip;]<\/p>\n","protected":false},"author":1,"featured_media":2368,"parent":0,"menu_order":0,"comment_status":"closed","ping_status":"closed","template":"","meta":{"_acf_changed":false,"footnotes":""},"class_list":["post-2792","page","type-page","status-publish","has-post-thumbnail","hentry"],"acf":[],"_links":{"self":[{"href":"https:\/\/www.buckland.com\/es\/wp-json\/wp\/v2\/pages\/2792","targetHints":{"allow":["GET"]}}],"collection":[{"href":"https:\/\/www.buckland.com\/es\/wp-json\/wp\/v2\/pages"}],"about":[{"href":"https:\/\/www.buckland.com\/es\/wp-json\/wp\/v2\/types\/page"}],"author":[{"embeddable":true,"href":"https:\/\/www.buckland.com\/es\/wp-json\/wp\/v2\/users\/1"}],"replies":[{"embeddable":true,"href":"https:\/\/www.buckland.com\/es\/wp-json\/wp\/v2\/comments?post=2792"}],"version-history":[{"count":30,"href":"https:\/\/www.buckland.com\/es\/wp-json\/wp\/v2\/pages\/2792\/revisions"}],"predecessor-version":[{"id":4528,"href":"https:\/\/www.buckland.com\/es\/wp-json\/wp\/v2\/pages\/2792\/revisions\/4528"}],"wp:featuredmedia":[{"embeddable":true,"href":"https:\/\/www.buckland.com\/es\/wp-json\/wp\/v2\/media\/2368"}],"wp:attachment":[{"href":"https:\/\/www.buckland.com\/es\/wp-json\/wp\/v2\/media?parent=2792"}],"curies":[{"name":"wp","href":"https:\/\/api.w.org\/{rel}","templated":true}]}}