{"id":2944,"date":"2020-01-08T12:57:33","date_gmt":"2020-01-08T17:57:33","guid":{"rendered":"https:\/\/live-buckland-2025.pantheonsite.io\/boletin-informativo\/"},"modified":"2020-12-14T15:56:26","modified_gmt":"2020-12-14T20:56:26","slug":"boletin-informativo","status":"publish","type":"page","link":"https:\/\/www.buckland.com\/es\/boletin-informativo\/","title":{"rendered":"Boletin informativo"},"content":{"rendered":"<div class=\"wpb-content-wrapper\"><p>[vc_row][vc_column][vc_column_text]Reg\u00edstrese para recibir nuestro bolet\u00edn semanal! Todos los mi\u00e9rcoles, proporcionamos a nuestros clientes un resumen por correo electr\u00f3nico de nuestros \u00faltimos recursos, una revisi\u00f3n de los titulares de noticias comerciales y actualizaciones regulatorias importantes. Nuestra intenci\u00f3n es proporcionarle a usted y a su organizaci\u00f3n informaci\u00f3n \u00fatil y beneficiosa.[\/vc_column_text][\/vc_column][\/vc_row][vc_row][vc_column]form-newsletter heading=\u00bbSuscr\u00edbete a nuestro bolet\u00edn\u00bb][vc_empty_space][\/vc_column][\/vc_row]<\/p>\n<\/div>","protected":false},"excerpt":{"rendered":"<p>[vc_row][vc_column][vc_column_text]Reg\u00edstrese para recibir nuestro bolet\u00edn semanal! Todos los mi\u00e9rcoles, proporcionamos a nuestros clientes un resumen por correo electr\u00f3nico de nuestros \u00faltimos recursos, una revisi\u00f3n de los titulares de noticias comerciales y actualizaciones regulatorias importantes. Nuestra intenci\u00f3n es proporcionarle a usted y a su organizaci\u00f3n informaci\u00f3n \u00fatil y beneficiosa.[\/vc_column_text][\/vc_column][\/vc_row][vc_row][vc_column]form-newsletter heading=\u00bbSuscr\u00edbete a nuestro bolet\u00edn\u00bb][vc_empty_space][\/vc_column][\/vc_row]<\/p>\n","protected":false},"author":1,"featured_media":0,"parent":0,"menu_order":0,"comment_status":"closed","ping_status":"closed","template":"","meta":{"_acf_changed":false,"footnotes":""},"class_list":["post-2944","page","type-page","status-publish","hentry"],"acf":[],"_links":{"self":[{"href":"https:\/\/www.buckland.com\/es\/wp-json\/wp\/v2\/pages\/2944","targetHints":{"allow":["GET"]}}],"collection":[{"href":"https:\/\/www.buckland.com\/es\/wp-json\/wp\/v2\/pages"}],"about":[{"href":"https:\/\/www.buckland.com\/es\/wp-json\/wp\/v2\/types\/page"}],"author":[{"embeddable":true,"href":"https:\/\/www.buckland.com\/es\/wp-json\/wp\/v2\/users\/1"}],"replies":[{"embeddable":true,"href":"https:\/\/www.buckland.com\/es\/wp-json\/wp\/v2\/comments?post=2944"}],"version-history":[{"count":8,"href":"https:\/\/www.buckland.com\/es\/wp-json\/wp\/v2\/pages\/2944\/revisions"}],"predecessor-version":[{"id":2970,"href":"https:\/\/www.buckland.com\/es\/wp-json\/wp\/v2\/pages\/2944\/revisions\/2970"}],"wp:attachment":[{"href":"https:\/\/www.buckland.com\/es\/wp-json\/wp\/v2\/media?parent=2944"}],"curies":[{"name":"wp","href":"https:\/\/api.w.org\/{rel}","templated":true}]}}